{"id":164,"date":"2018-08-01T15:31:43","date_gmt":"2018-08-01T13:31:43","guid":{"rendered":"http:\/\/support.cosinuss.com\/?page_id=164"},"modified":"2022-02-16T13:31:02","modified_gmt":"2022-02-16T12:31:02","slug":"verzeichnis-aller-firmware-versionen","status":"publish","type":"page","link":"https:\/\/support.cosinuss.com\/de\/verzeichnis-aller-firmware-versionen\/","title":{"rendered":"Verzeichnis aller Firmware Versionen"},"content":{"rendered":"<h2>1. Cosinuss\u00b0 One<\/h2>\n<div class=\"floatingtitle\"><\/div>\n<div>\n<h3 class=\"col_1\">Firmware Version 6.x<\/h3>\n<ul>\n<li class=\"gmail_default\">Verbesserte Signalverarbeitung<\/li>\n<li class=\"gmail_default\">Verbesserte rr-Intervalle<\/li>\n<li class=\"gmail_default\">Neuer ANT+ (siehe wichtigen Hinweis unten) Batterie Service<\/li>\n<\/ul>\n<\/div>\n<hr \/>\n<h3 class=\"col_1\">Firmware Version 5.x<\/h3>\n<ul>\n<li>Der \u00b0One \u00fcbertr\u00e4gt jetzt die RR-Intervalle im Bluetooth Protokoll<\/li>\n<li>Einige Verbesserungen im Algorithmus wurden integriert<\/li>\n<\/ul>\n<hr \/>\n<h3>Firmware Version 4.x<\/h3>\n<ul>\n<li>Die Akkulaufzeit des \u00b0Ones wurde verbessert.<\/li>\n<\/ul>\n<hr \/>\n<h3>Firmware Version 3.x<\/h3>\n<ul>\n<li>Der \u00b0One zeigt nun die Genauigkeit der Herzfrequenzmessung an, um die optimale Position im Ohr zu erkennen.<\/li>\n<\/ul>\n<hr \/>\n<h3>Firmware Version 1.x &#8211; 2.x<\/h3>\n<ul>\n<li>Der \u00b0One kann von nun an auch mit ANT+ (siehe wichtigen Hinweis unten) f\u00e4higen Ger\u00e4ten verwendet werden<\/li>\n<li>Verbesserte Pulserkennung<\/li>\n<li>&#8222;Pairing&#8220;-M\u00f6glichkeit mit Bluetooth-f\u00e4higen Ger\u00e4ten (Bluetooth 4.0 oder h\u00f6her)<\/li>\n<li>Die gr\u00fcne LED schaltet sich bereits beim Einschalten des Ger\u00e4ts ein<\/li>\n<li>Der \u00b0One schaltet sich nach einer Minute automatisch ab, falls er nicht im Ohr sitzt.<\/li>\n<\/ul>\n<hr \/>\n<div id=\"__ios-support\" class=\"col_1 inhalt hyphenate linie inmenu \" lang=\"de\">\n<div class=\"linearrow\"><\/div>\n<div class=\"floatingtitle\"><\/div>\n<div class=\"row auto\">\n<div class=\"col_1\">\n<h1>2. iOS Support<\/h1>\n<p>Die neue iOS Version der cosinuss\u00b0 One App erm\u00f6glicht es Apple Nutzern ihren cosinuss\u00b0 One Sensor over-the-air auf den neuesten Stand zu bringen!<\/p>\n<p><strong>Wichtiger Hinweis:<\/strong>\u00a0Wenn Dein cosinuss\u00b0 One Sensor eine\u00a0<strong>niedrigere Firmware als 3.0<\/strong>\u00a0hat, m\u00fcsstest Du einmalig das Update deines Sensors mit einem\u00a0<strong>Android Ger\u00e4t<\/strong>\u00a0und der Android App durchf\u00fchren. Danach k\u00f6nnen alle neuen Updates ganz normal mit der iOS App auf Dein Ger\u00e4t gespielt werden.<\/p>\n<p><a href=\"http:\/\/support.cosinuss.com\/knowledge-base\/software-updates\/\">Software Updates<\/a><\/p>\n<\/div>\n<\/div>\n<\/div>\n    \t\t<div class=\"hts-messages hts-messages--alert   hts-messages--withicon \"   >\r\n    \t\t\t    \t\t\t    \t\t\t\t<p>\r\n    \t\t\t\t\tHinweis: Bitte beachte, dass die neuen Sensormodelle des cosinuss\u00b0 One keine Daten\u00fcbertragung per ANT+ mehr unterst\u00fctzen. Dies gilt f\u00fcr die Sensoren ab der LOT Nummer 2201. Wo Du die Nummer auf Deinem Sensor findest, erkl\u00e4ren wir hier: <a href=\"https:\/\/support.cosinuss.com\/de\/faq-cosinuss-one\/#lot-nummer\">\u00b0One FAQ<\/a>.    \t\t\t\t<\/p>\r\n    \t\t\t    \t\t\t\r\n    \t\t<\/div><!-- \/.ht-shortcodes-messages -->\r\n    \t\t\n","protected":false},"excerpt":{"rendered":"<p>1. Cosinuss\u00b0 One Firmware Version 6.x Verbesserte Signalverarbeitung Verbesserte rr-Intervalle Neuer ANT+ (siehe wichtigen Hinweis unten) Batterie Service Firmware Version 5.x Der \u00b0One \u00fcbertr\u00e4gt jetzt die RR-Intervalle im Bluetooth Protokoll Einige Verbesserungen im Algorithmus wurden integriert Firmware Version 4.x Die Akkulaufzeit des \u00b0Ones wurde verbessert. Firmware Version 3.x Der \u00b0One&#8230;<\/p>\n","protected":false},"author":2,"featured_media":0,"parent":0,"menu_order":0,"comment_status":"closed","ping_status":"closed","template":"","meta":{"footnotes":""},"class_list":["post-164","page","type-page","status-publish","hentry"],"_links":{"self":[{"href":"https:\/\/support.cosinuss.com\/de\/wp-json\/wp\/v2\/pages\/164","targetHints":{"allow":["GET"]}}],"collection":[{"href":"https:\/\/support.cosinuss.com\/de\/wp-json\/wp\/v2\/pages"}],"about":[{"href":"https:\/\/support.cosinuss.com\/de\/wp-json\/wp\/v2\/types\/page"}],"author":[{"embeddable":true,"href":"https:\/\/support.cosinuss.com\/de\/wp-json\/wp\/v2\/users\/2"}],"replies":[{"embeddable":true,"href":"https:\/\/support.cosinuss.com\/de\/wp-json\/wp\/v2\/comments?post=164"}],"version-history":[{"count":8,"href":"https:\/\/support.cosinuss.com\/de\/wp-json\/wp\/v2\/pages\/164\/revisions"}],"predecessor-version":[{"id":1152,"href":"https:\/\/support.cosinuss.com\/de\/wp-json\/wp\/v2\/pages\/164\/revisions\/1152"}],"wp:attachment":[{"href":"https:\/\/support.cosinuss.com\/de\/wp-json\/wp\/v2\/media?parent=164"}],"curies":[{"name":"wp","href":"https:\/\/api.w.org\/{rel}","templated":true}]}}