{"id":1932,"date":"2024-01-23T14:00:41","date_gmt":"2024-01-23T13:00:41","guid":{"rendered":"https:\/\/support.cosinuss.com\/?page_id=1932"},"modified":"2024-01-23T14:00:41","modified_gmt":"2024-01-23T13:00:41","slug":"faq-degree","status":"publish","type":"page","link":"https:\/\/support.cosinuss.com\/de\/faq\/faq-degree\/","title":{"rendered":"FAQ &#8211; degree\u00b0"},"content":{"rendered":"    \t\t<div class=\"hts-toggle  \"  >\r\n    \t\t\t<div class=\"hts-toggle__title\">Wie lange betr\u00e4gt die Akkulaufzeit des degree\u00b0?<\/div>\r\n    \t\t\t<div class=\"hts-toggle__content\">\r\n    \t\t\t\t<div class=\"hts-toggle__contentwrap\">\r\n    \t\t\t\t\t<\/p>\n<p>Der Akku des degree\u00b0 h\u00e4lt unter technisch idealen Bedingungen mindestens f\u00fcnf Tage durchgehende Messung.<\/p>\n    \t\t\t\t<\/div>\r\n    \t\t\t<\/div><!-- \/ht-toggle-content -->\r\n    \t\t<\/div>\r\n    \t\t\n    \t\t<div class=\"hts-toggle  \"  >\r\n    \t\t\t<div class=\"hts-toggle__title\">Wie lange dauert es bis der degree\u00b0 voll geladen ist?<\/div>\r\n    \t\t\t<div class=\"hts-toggle__content\">\r\n    \t\t\t\t<div class=\"hts-toggle__contentwrap\">\r\n    \t\t\t\t\t<\/p>\n<p>Der Sensor ist nach ca. 1,5 Stunden vollst\u00e4ndig aufgeladen.<\/p>\n    \t\t\t\t<\/div>\r\n    \t\t\t<\/div><!-- \/ht-toggle-content -->\r\n    \t\t<\/div>\r\n    \t\t\n    \t\t<div class=\"hts-toggle  \"  >\r\n    \t\t\t<div class=\"hts-toggle__title\">Wie kann ich den degree\u00b0 reinigen?<\/div>\r\n    \t\t\t<div class=\"hts-toggle__content\">\r\n    \t\t\t\t<div class=\"hts-toggle__contentwrap\">\r\n    \t\t\t\t\t<\/p>\n<p>Der Sensorkopf und die Sensorspitze sind vor und nach jeder Messung zun\u00e4chst mit einem in Alkohol angefeuchteten Tuch oder Wattest\u00e4bchen zu reinigen. Die Ladebox kann mit einer einfachen Wischdesinfektion gereinigt werden. Eine ausf\u00fchrliche Anleitung und wichtige Sicherheitshinweise finden Sie hier: <a href=\"https:\/\/support.cosinuss.com\/de\/knowledge-base\/pflege-und-reinigung\/\">https:\/\/support.cosinuss.com\/de\/knowledge-base\/pflege-und-reinigung\/<\/a> <\/p>\n    \t\t\t\t<\/div>\r\n    \t\t\t<\/div><!-- \/ht-toggle-content -->\r\n    \t\t<\/div>\r\n    \t\t\n    \t\t<div class=\"hts-toggle  \"  >\r\n    \t\t\t<div class=\"hts-toggle__title\">Wie kann ich den degree\u00b0 mit meinem Smartphone per Bluetooth verbinden?<\/div>\r\n    \t\t\t<div class=\"hts-toggle__content\">\r\n    \t\t\t\t<div class=\"hts-toggle__contentwrap\">\r\n    \t\t\t\t\t<\/p>\n<p>Um den degree\u00b0 mit Ihrem Smartphone per Bluetooth zu verbinden, \u00f6ffnen Sie die degree\u00b0 App und gehen Sie zu Einstellungen &gt; Bluetooth. Nehmen Sie den degree\u00b0 aus seiner Ladebox heraus. Dr\u00fccken Sie anschlie\u00dfend den Scan-Button (runder Pfeil). Wenn Sie dies zum ersten Mal durchf\u00fchren, wird die degree\u00b0 App Sie um Zustimmung f\u00fcr Bluetooth (iOS) oder Standorterkennung (Android) fragen, welche f\u00fcr die erfolgreiche Verbindung von Sensor und App erforderlich ist. Warten Sie f\u00fcr etwa zehn Sekunden bis die gescannten Ger\u00e4te in der Ergebnisliste erscheinen. W\u00e4hlen Sie in dieser Liste den degree\u00b0 Sensor aus.<\/p>\n<p>Wichtig: Es kann bis zu zehn Sekunden dauern bis die Ergebnisse angezeigt werden &#8211; verlassen Sie das Bluetooth-Men\u00fc daher nicht zu schnell.<\/p>\n<p><a href=\"https:\/\/support.cosinuss.com\/wp-content\/uploads\/2022\/03\/ble_scan_DE_01-1-e1648065531378.jpg\" target=\"_blank\" rel=\"noopener\"><img loading=\"lazy\" decoding=\"async\" class=\"alignnone wp-image-1202 size-medium\" src=\"https:\/\/support.cosinuss.com\/wp-content\/uploads\/2022\/03\/ble_scan_DE_01-1-e1648065531378-286x300.jpg\" alt=\"\" width=\"286\" height=\"300\" srcset=\"https:\/\/support.cosinuss.com\/wp-content\/uploads\/2022\/03\/ble_scan_DE_01-1-e1648065531378-286x300.jpg 286w, https:\/\/support.cosinuss.com\/wp-content\/uploads\/2022\/03\/ble_scan_DE_01-1-e1648065531378-48x50.jpg 48w, https:\/\/support.cosinuss.com\/wp-content\/uploads\/2022\/03\/ble_scan_DE_01-1-e1648065531378-57x60.jpg 57w, https:\/\/support.cosinuss.com\/wp-content\/uploads\/2022\/03\/ble_scan_DE_01-1-e1648065531378-95x100.jpg 95w, https:\/\/support.cosinuss.com\/wp-content\/uploads\/2022\/03\/ble_scan_DE_01-1-e1648065531378.jpg 719w\" sizes=\"auto, (max-width: 286px) 100vw, 286px\" \/><\/a><\/p>\n<p><em>1.) Scan starten mit dem Scan-Button (runder Pfeil).<\/em><\/p>\n<p><a href=\"https:\/\/support.cosinuss.com\/wp-content\/uploads\/2022\/03\/ble_scan_DE_02-1-e1648065549629.jpg\" target=\"_blank\" rel=\"noopener\"><img loading=\"lazy\" decoding=\"async\" class=\"alignnone wp-image-1204 size-medium\" src=\"https:\/\/support.cosinuss.com\/wp-content\/uploads\/2022\/03\/ble_scan_DE_02-1-e1648065549629-286x300.jpg\" alt=\"\" width=\"286\" height=\"300\" srcset=\"https:\/\/support.cosinuss.com\/wp-content\/uploads\/2022\/03\/ble_scan_DE_02-1-e1648065549629-286x300.jpg 286w, https:\/\/support.cosinuss.com\/wp-content\/uploads\/2022\/03\/ble_scan_DE_02-1-e1648065549629-48x50.jpg 48w, https:\/\/support.cosinuss.com\/wp-content\/uploads\/2022\/03\/ble_scan_DE_02-1-e1648065549629-57x60.jpg 57w, https:\/\/support.cosinuss.com\/wp-content\/uploads\/2022\/03\/ble_scan_DE_02-1-e1648065549629-95x100.jpg 95w, https:\/\/support.cosinuss.com\/wp-content\/uploads\/2022\/03\/ble_scan_DE_02-1-e1648065549629.jpg 719w\" sizes=\"auto, (max-width: 286px) 100vw, 286px\" \/><\/a><\/p>\n<p><em>2.) Abwarten bis der Scan beendet ist (wenn Sie den Scan-Button in den Bluetooth-Einstellungen der App bet\u00e4tigen, verwandelt sich dieser f\u00fcr einige Sekunden in ein &#8222;X&#8220;).<br \/>\n<\/em><\/p>\n<p><a href=\"https:\/\/support.cosinuss.com\/wp-content\/uploads\/2022\/03\/ble_scan_DE_03-1-e1648065566606.jpg\" target=\"_blank\" rel=\"noopener\"><img loading=\"lazy\" decoding=\"async\" class=\"alignnone wp-image-1206 size-medium\" src=\"https:\/\/support.cosinuss.com\/wp-content\/uploads\/2022\/03\/ble_scan_DE_03-1-e1648065566606-286x300.jpg\" alt=\"\" width=\"286\" height=\"300\" srcset=\"https:\/\/support.cosinuss.com\/wp-content\/uploads\/2022\/03\/ble_scan_DE_03-1-e1648065566606-286x300.jpg 286w, https:\/\/support.cosinuss.com\/wp-content\/uploads\/2022\/03\/ble_scan_DE_03-1-e1648065566606-48x50.jpg 48w, https:\/\/support.cosinuss.com\/wp-content\/uploads\/2022\/03\/ble_scan_DE_03-1-e1648065566606-57x60.jpg 57w, https:\/\/support.cosinuss.com\/wp-content\/uploads\/2022\/03\/ble_scan_DE_03-1-e1648065566606-95x100.jpg 95w, https:\/\/support.cosinuss.com\/wp-content\/uploads\/2022\/03\/ble_scan_DE_03-1-e1648065566606.jpg 719w\" sizes=\"auto, (max-width: 286px) 100vw, 286px\" \/><\/a><\/p>\n<p><em>3.) Ergebnisliste des Scans.<\/em><\/p>\n<p>Eine ausf\u00fchrliche Schritt-f\u00fcr-Schritt-Anleitung finden Sie hier: <a href=\"https:\/\/support.cosinuss.com\/de\/knowledge-base\/starten-sie-die-app-und-verbinden-sie-das-thermometer\/\">https:\/\/support.cosinuss.com\/de\/knowledge-base\/starten-sie-die-app-und-verbinden-sie-das-thermometer\/<\/a> <\/p>\n    \t\t\t\t<\/div>\r\n    \t\t\t<\/div><!-- \/ht-toggle-content -->\r\n    \t\t<\/div>\r\n    \t\t\n    \t\t<div class=\"hts-toggle  \"  >\r\n    \t\t\t<div class=\"hts-toggle__title\">Was mache ich, wenn sich der degree\u00b0 nicht mit meinem Smartphone per Bluetooth verbindet?<\/div>\r\n    \t\t\t<div class=\"hts-toggle__content\">\r\n    \t\t\t\t<div class=\"hts-toggle__contentwrap\">\r\n    \t\t\t\t\t<\/p>\n<p>Wenn Sie Probleme haben sollten Ihren degree\u00b0 mit Ihrem Smartphone per Bluetooth zu verbinden, kann das mehrere Gr\u00fcnde haben. \u00dcberpr\u00fcfen Sie folgende Punkte:<\/p>\n<ul>\n<li>\u00dcberpr\u00fcfen Sie, ob Sie die neueste Version der degree\u00b0 App installiert haben (im App Men\u00fc: \u00dcber degree\u00b0 &gt; App)<\/li>\n<li>\u00dcberpr\u00fcfen Sie, ob Sie der degree\u00b0 App die Erlaubnis erteilt haben auf Bluetooth (iOS) bzw. Standortdienste (einschlie\u00dflich Bluetooth-Funktionalit\u00e4t; Android) zuzugreifen. Die degree\u00b0 App verwendet au\u00dfer der Bluetooth-Verbindung selbst keine Standortinformationen.<\/li>\n<\/ul>\n<p>Wenn Sie die oben genannten Punkte durchgef\u00fchrt haben oder sich nicht sicher sind, ob diese zutreffen, deinstallieren Sie die degree\u00b0 App und installieren Sie sie erneut, um ihr alle erforderlichen Berechtigungen zu erteilen.<\/p>\n<p>Wenn dieser Schritt ebenfalls nicht hilft, versuchen Sie ein anderes Smartphone zu verwenden, um zu \u00fcberpr\u00fcfen, ob die Bluetooth-Verbindung auf diesem funktioniert.<\/p>\n<p>Wichtig: Es kann bis zu zehn Sekunden dauern bis die Ergebnisse angezeigt werden &#8211; verlassen Sie das Bluetooth-Men\u00fc daher nicht zu schnell.<\/p>\n<p><a href=\"https:\/\/support.cosinuss.com\/wp-content\/uploads\/2022\/03\/android12_devices_and_location_DE.png\" target=\"_blank\" rel=\"noopener\"><img loading=\"lazy\" decoding=\"async\" class=\"alignnone wp-image-1235 size-medium\" src=\"https:\/\/support.cosinuss.com\/wp-content\/uploads\/2022\/03\/android12_devices_and_location_DE-289x300.png\" alt=\"\" width=\"289\" height=\"300\" srcset=\"https:\/\/support.cosinuss.com\/wp-content\/uploads\/2022\/03\/android12_devices_and_location_DE-289x300.png 289w, https:\/\/support.cosinuss.com\/wp-content\/uploads\/2022\/03\/android12_devices_and_location_DE-988x1024.png 988w, https:\/\/support.cosinuss.com\/wp-content\/uploads\/2022\/03\/android12_devices_and_location_DE-768x796.png 768w, https:\/\/support.cosinuss.com\/wp-content\/uploads\/2022\/03\/android12_devices_and_location_DE-48x50.png 48w, https:\/\/support.cosinuss.com\/wp-content\/uploads\/2022\/03\/android12_devices_and_location_DE-1482x1536.png 1482w, https:\/\/support.cosinuss.com\/wp-content\/uploads\/2022\/03\/android12_devices_and_location_DE-1976x2048.png 1976w, https:\/\/support.cosinuss.com\/wp-content\/uploads\/2022\/03\/android12_devices_and_location_DE-58x60.png 58w, https:\/\/support.cosinuss.com\/wp-content\/uploads\/2022\/03\/android12_devices_and_location_DE-96x100.png 96w\" sizes=\"auto, (max-width: 289px) 100vw, 289px\" \/><\/a><\/p>\n<p><em>1.) Android: Zustimmung, dass die degree\u00b0 App sich mit Ger\u00e4ten in der N\u00e4he verbinden und auf den Ger\u00e4testandort zugreifen darf (Bitte beachten Sie: Die Screenshots zeigen die Meldungen ab Android-Version 12 an. Bei \u00e4lteren Android-Versionen m\u00fcssen nur die Standortdienste akzeptiert werden).<\/em><\/p>\n<p><a href=\"https:\/\/support.cosinuss.com\/wp-content\/uploads\/2022\/03\/ios_notifications_and_ble_DE.jpg\" target=\"_blank\" rel=\"noopener\"><img loading=\"lazy\" decoding=\"async\" class=\"alignnone wp-image-1231 size-medium\" src=\"https:\/\/support.cosinuss.com\/wp-content\/uploads\/2022\/03\/ios_notifications_and_ble_DE-289x300.jpg\" alt=\"\" width=\"289\" height=\"300\" srcset=\"https:\/\/support.cosinuss.com\/wp-content\/uploads\/2022\/03\/ios_notifications_and_ble_DE-289x300.jpg 289w, https:\/\/support.cosinuss.com\/wp-content\/uploads\/2022\/03\/ios_notifications_and_ble_DE-988x1024.jpg 988w, https:\/\/support.cosinuss.com\/wp-content\/uploads\/2022\/03\/ios_notifications_and_ble_DE-768x796.jpg 768w, https:\/\/support.cosinuss.com\/wp-content\/uploads\/2022\/03\/ios_notifications_and_ble_DE-48x50.jpg 48w, https:\/\/support.cosinuss.com\/wp-content\/uploads\/2022\/03\/ios_notifications_and_ble_DE-1482x1536.jpg 1482w, https:\/\/support.cosinuss.com\/wp-content\/uploads\/2022\/03\/ios_notifications_and_ble_DE-1976x2048.jpg 1976w, https:\/\/support.cosinuss.com\/wp-content\/uploads\/2022\/03\/ios_notifications_and_ble_DE-58x60.jpg 58w, https:\/\/support.cosinuss.com\/wp-content\/uploads\/2022\/03\/ios_notifications_and_ble_DE-96x100.jpg 96w\" sizes=\"auto, (max-width: 289px) 100vw, 289px\" \/><\/a><\/p>\n<p><em>2.) iOS: Zustimmung, dass die degree\u00b0 App Mitteilungen senden und Bluetooth verwenden darf.<\/em><\/p>\n<p>\n    \t\t\t\t<\/div>\r\n    \t\t\t<\/div><!-- \/ht-toggle-content -->\r\n    \t\t<\/div>\r\n    \t\t\n    \t\t<div class=\"hts-toggle  \"  >\r\n    \t\t\t<div class=\"hts-toggle__title\">Was passiert, wenn w\u00e4hrend der Messung die Bluetooth-Verbindung abbricht?<\/div>\r\n    \t\t\t<div class=\"hts-toggle__content\">\r\n    \t\t\t\t<div class=\"hts-toggle__contentwrap\">\r\n    \t\t\t\t\t<\/p>\n<p>Sollte kurzzeitig keine Bluetooth-Verbindung hergestellt werden k\u00f6nnen, werden die gemessenen Daten vom degree\u00b0 solange zwischengespeichert bis es wieder zu einer Verbindung kommt. Die Daten gehen somit nicht verloren und werden auf Ihrem Smartphone nachtr\u00e4glich vervollst\u00e4ndigt.<\/p>\n<p>Damit es nicht zu einem Abbruch der Bluetooth-Verbindung kommt, sollte Ihr Smartphone optimalerweise immer in der N\u00e4he des degree\u00b0 sein.<\/p>\n    \t\t\t\t<\/div>\r\n    \t\t\t<\/div><!-- \/ht-toggle-content -->\r\n    \t\t<\/div>\r\n    \t\t\n","protected":false},"excerpt":{"rendered":"","protected":false},"author":4,"featured_media":0,"parent":331,"menu_order":0,"comment_status":"closed","ping_status":"closed","template":"","meta":{"footnotes":""},"class_list":["post-1932","page","type-page","status-publish","hentry"],"_links":{"self":[{"href":"https:\/\/support.cosinuss.com\/de\/wp-json\/wp\/v2\/pages\/1932","targetHints":{"allow":["GET"]}}],"collection":[{"href":"https:\/\/support.cosinuss.com\/de\/wp-json\/wp\/v2\/pages"}],"about":[{"href":"https:\/\/support.cosinuss.com\/de\/wp-json\/wp\/v2\/types\/page"}],"author":[{"embeddable":true,"href":"https:\/\/support.cosinuss.com\/de\/wp-json\/wp\/v2\/users\/4"}],"replies":[{"embeddable":true,"href":"https:\/\/support.cosinuss.com\/de\/wp-json\/wp\/v2\/comments?post=1932"}],"version-history":[{"count":2,"href":"https:\/\/support.cosinuss.com\/de\/wp-json\/wp\/v2\/pages\/1932\/revisions"}],"predecessor-version":[{"id":1934,"href":"https:\/\/support.cosinuss.com\/de\/wp-json\/wp\/v2\/pages\/1932\/revisions\/1934"}],"up":[{"embeddable":true,"href":"https:\/\/support.cosinuss.com\/de\/wp-json\/wp\/v2\/pages\/331"}],"wp:attachment":[{"href":"https:\/\/support.cosinuss.com\/de\/wp-json\/wp\/v2\/media?parent=1932"}],"curies":[{"name":"wp","href":"https:\/\/api.w.org\/{rel}","templated":true}]}}