{"id":2007,"date":"2025-07-25T12:03:38","date_gmt":"2025-07-25T10:03:38","guid":{"rendered":"https:\/\/support.cosinuss.com\/?page_id=2007"},"modified":"2025-07-25T12:03:38","modified_gmt":"2025-07-25T10:03:38","slug":"faq-fuer-die-verwendung-von-c-med-alpha-in-kombination-mit-cosinuss-health-app","status":"publish","type":"page","link":"https:\/\/support.cosinuss.com\/de\/faq\/faq-fuer-die-verwendung-von-c-med-alpha-in-kombination-mit-cosinuss-health-app\/","title":{"rendered":"FAQ f\u00fcr die Verwendung von  c-med\u00b0 alpha in Kombination mit cosinuss\u00b0 Health App"},"content":{"rendered":"    \t\t<div class=\"hts-toggle  \"  >\r\n    \t\t\t<div class=\"hts-toggle__title\">Wie funktioniert der c-med\u00b0 alpha in Kombination mit der cosinuss\u00b0 Health App?<br \/>\n<\/div>\r\n    \t\t\t<div class=\"hts-toggle__content\">\r\n    \t\t\t\t<div class=\"hts-toggle__contentwrap\">\r\n    \t\t\t\t\t<p> Der c-med\u00b0 alpha ist ein Im-Ohr-Sensor f\u00fcr Vitalparameter, der im \u00e4u\u00dferen Geh\u00f6rgang des Patienten\/der Patientin angebracht wird. Er erfasst kontinuierlich mehrere Vitalparameter des Patienten\/der Patientin und \u00fcbertr\u00e4gt diese Daten per Bluetooth.<br \/>\nDie Daten k\u00f6nnen mit einem Smartphone oder Tablet \u00fcber die cosinuss\u00b0 Health App empfangen werden. Die empfangenen Daten werden auf de<\/p>\n    \t\t\t\t<\/div>\r\n    \t\t\t<\/div><!-- \/ht-toggle-content -->\r\n    \t\t<\/div>\r\n    \t\t\n    \t\t<div class=\"hts-toggle  \"  >\r\n    \t\t\t<div class=\"hts-toggle__title\">Welche Daten werden mit dem c-med\u00b0 alpha erfasst?<\/div>\r\n    \t\t\t<div class=\"hts-toggle__content\">\r\n    \t\t\t\t<div class=\"hts-toggle__contentwrap\">\r\n    \t\t\t\t\t<p> Vitalparameter: K\u00f6rpertemperatur, Pulsfrequenz, Sauerstoffs\u00e4ttigung des Blutes (SpO2).<br \/>\nKontextdaten: Photoplethysmogramm, Qualit\u00e4tsindikator f\u00fcr die Pulsfrequenz, Perfusionsindex der SpO2-Messung.<\/p>\n    \t\t\t\t<\/div>\r\n    \t\t\t<\/div><!-- \/ht-toggle-content -->\r\n    \t\t<\/div>\r\n    \t\t\n    \t\t<div class=\"hts-toggle  \"  >\r\n    \t\t\t<div class=\"hts-toggle__title\">Wie funktionieren die Messungen?<\/div>\r\n    \t\t\t<div class=\"hts-toggle__content\">\r\n    \t\t\t\t<div class=\"hts-toggle__contentwrap\">\r\n    \t\t\t\t\t<p> Die Pulsfrequenz und SpO2 werden mit der Pulsoximetrie-Methode gemessen, wobei zus\u00e4tzlich zu Rot\/Infrarot auch gr\u00fcnes PPG verwendet wird.<br \/>\nDie K\u00f6rpertemperatur wird mit einem Infrarotsensor gemessen, der auf das Trommelfell gerichtet ist (direkte Messung, nicht abgeleitet wie \u00fcblicherweise bei Infrarotmessungen).<br \/>\nQualit\u00e4tsindikatoren werden auf der Grundlage der gemessenen PPG-Rohdaten der dreifarbigen LEDs sowie der Beschleunigungssignale berechnet.<\/p>\n    \t\t\t\t<\/div>\r\n    \t\t\t<\/div><!-- \/ht-toggle-content -->\r\n    \t\t<\/div>\r\n    \t\t\n    \t\t<div class=\"hts-toggle  \"  >\r\n    \t\t\t<div class=\"hts-toggle__title\">M\u00fcssen die Sensoren oder die Ladebox einer Sicherheitstechnischen Kontrolle (STK) oder einer Messtechnischen Kontrolle (MTK) gem\u00e4\u00df der Medizinprodukte-Betreiberverordnung (MPBetreibV) unterzogen werden?<br \/>\n<\/div>\r\n    \t\t\t<div class=\"hts-toggle__content\">\r\n    \t\t\t\t<div class=\"hts-toggle__contentwrap\">\r\n    \t\t\t\t\t<p> Die Sensoren m\u00fcssen einmal j\u00e4hrlich einer MTK unterzogen werden, die Ladeboxen sind wartungsfrei.<\/p>\n    \t\t\t\t<\/div>\r\n    \t\t\t<\/div><!-- \/ht-toggle-content -->\r\n    \t\t<\/div>\r\n    \t\t\n    \t\t<div class=\"hts-toggle  \"  >\r\n    \t\t\t<div class=\"hts-toggle__title\">Ist es m\u00f6glich, die Batterie zu reparieren oder auszutauschen?<\/div>\r\n    \t\t\t<div class=\"hts-toggle__content\">\r\n    \t\t\t\t<div class=\"hts-toggle__contentwrap\">\r\n    \t\t\t\t\t<p> Eine Reparatur oder ein Batteriewechsel ist nicht m\u00f6glich.<\/p>\n    \t\t\t\t<\/div>\r\n    \t\t\t<\/div><!-- \/ht-toggle-content -->\r\n    \t\t<\/div>\r\n    \t\t\n    \t\t<div class=\"hts-toggle  \"  >\r\n    \t\t\t<div class=\"hts-toggle__title\">Welche Garantien gibt es f\u00fcr den c-med\u00b0 alpha?<\/div>\r\n    \t\t\t<div class=\"hts-toggle__content\">\r\n    \t\t\t\t<div class=\"hts-toggle__contentwrap\">\r\n    \t\t\t\t\t<p>24 Monate ab dem Datum des Verkaufs an den Endkunden oder einer anderweitigen Erstinbetriebnahme.<\/p>\n    \t\t\t\t<\/div>\r\n    \t\t\t<\/div><!-- \/ht-toggle-content -->\r\n    \t\t<\/div>\r\n    \t\t\n    \t\t<div class=\"hts-toggle  \"  >\r\n    \t\t\t<div class=\"hts-toggle__title\">Was ist der Lebenszyklus eines c-med\u00b0 alpha?<\/div>\r\n    \t\t\t<div class=\"hts-toggle__content\">\r\n    \t\t\t\t<div class=\"hts-toggle__contentwrap\">\r\n    \t\t\t\t\t<p> 24 Monate ab Verpackung beim Hersteller, Cosinuss GmbH.<\/p>\n    \t\t\t\t<\/div>\r\n    \t\t\t<\/div><!-- \/ht-toggle-content -->\r\n    \t\t<\/div>\r\n    \t\t\n    \t\t<div class=\"hts-toggle  \"  >\r\n    \t\t\t<div class=\"hts-toggle__title\">Was sind geeignete Desinfektionsmittel?<\/div>\r\n    \t\t\t<div class=\"hts-toggle__content\">\r\n    \t\t\t\t<div class=\"hts-toggle__contentwrap\">\r\n    \t\t\t\t\t<p> Empfohlene Reinigungsmittel:<br \/>\nPrim\u00e4re Empfehlung: Sch\u00fclke mikrozid\u00ae AF Fl\u00fcssigkeit und T\u00fccher;<br \/>\nAlternative: Alkoholbasiertes Desinfektionsmittel (60 % w\/w), ohne Duftstoffe, unverd\u00fcnnt zu verwenden.<\/p>\n    \t\t\t\t<\/div>\r\n    \t\t\t<\/div><!-- \/ht-toggle-content -->\r\n    \t\t<\/div>\r\n    \t\t\n    \t\t<div class=\"hts-toggle  \"  >\r\n    \t\t\t<div class=\"hts-toggle__title\">Gibt es verschiedene Gr\u00f6\u00dfen f\u00fcr den c-med\u00b0 alpha?<br \/>\n<\/div>\r\n    \t\t\t<div class=\"hts-toggle__content\">\r\n    \t\t\t\t<div class=\"hts-toggle__contentwrap\">\r\n    \t\t\t\t\t<p> Ja, es gibt drei verschiedene Gr\u00f6\u00dfen des Sensors (Im-Ohr-Teil): S, M und L, vergleichbar mit Kopfh\u00f6rern.<\/p>\n    \t\t\t\t<\/div>\r\n    \t\t\t<\/div><!-- \/ht-toggle-content -->\r\n    \t\t<\/div>\r\n    \t\t\n    \t\t<div class=\"hts-toggle  \"  >\r\n    \t\t\t<div class=\"hts-toggle__title\">Wie findet man die richtige Gr\u00f6\u00dfe?<\/div>\r\n    \t\t\t<div class=\"hts-toggle__content\">\r\n    \t\t\t\t<div class=\"hts-toggle__contentwrap\">\r\n    \t\t\t\t\t<p> Wenn Sie den Sensor schnell anwenden m\u00fcssen, nehmen Sie Gr\u00f6\u00dfe M. Falls er nicht in den Geh\u00f6rgang passt, wechseln Sie zu Gr\u00f6\u00dfe S.<br \/>\nF\u00fcr Studien oder l\u00e4ngere Messungen: Um die beste Gr\u00f6\u00dfe zu finden, sollten Sie Testmessungen von 3 Minuten in Ruhe (ohne Bewegung, Sprechen, Kauen usw.) durchf\u00fchren. Achten Sie auf den Qualit\u00e4tsindex, der \u00fcber 30 liegen sollte (je h\u00f6her, desto besser). Au\u00dferdem sollte der Perfusionsindex zwischen 0,1 und 2 liegen. Wechseln Sie zu einer anderen Gr\u00f6\u00dfe, wenn dies nicht der stabile Zustand ist.<\/p>\n    \t\t\t\t<\/div>\r\n    \t\t\t<\/div><!-- \/ht-toggle-content -->\r\n    \t\t<\/div>\r\n    \t\t\n    \t\t<div class=\"hts-toggle  \"  >\r\n    \t\t\t<div class=\"hts-toggle__title\">Ist der c-med\u00b0 alpha wiederverwendbar?<\/div>\r\n    \t\t\t<div class=\"hts-toggle__content\">\r\n    \t\t\t\t<div class=\"hts-toggle__contentwrap\">\r\n    \t\t\t\t\t<p> Ja.<\/p>\n    \t\t\t\t<\/div>\r\n    \t\t\t<\/div><!-- \/ht-toggle-content -->\r\n    \t\t<\/div>\r\n    \t\t\n    \t\t<div class=\"hts-toggle  \"  >\r\n    \t\t\t<div class=\"hts-toggle__title\">Wie kann ich den c-med\u00b0 alpha desinfizieren?<\/div>\r\n    \t\t\t<div class=\"hts-toggle__content\">\r\n    \t\t\t\t<div class=\"hts-toggle__contentwrap\">\r\n    \t\t\t\t\t<p> Zur Desinfektion und Reinigung empfehlen wir Sch\u00fclke mikrozid\u00ae AF Fl\u00fcssigkeit und T\u00fccher; Alternative: Alkoholbasiertes Desinfektionsmittel (60 % w\/w), ohne Duftstoffe, unverd\u00fcnnt anwenden. Eine Schritt-f\u00fcr-Schritt-Anleitung zur Reinigung und Desinfektion finden Sie in der Gebrauchsanweisung des c-med\u00b0 alpha.<\/p>\n    \t\t\t\t<\/div>\r\n    \t\t\t<\/div><!-- \/ht-toggle-content -->\r\n    \t\t<\/div>\r\n    \t\t\n    \t\t<div class=\"hts-toggle  \"  >\r\n    \t\t\t<div class=\"hts-toggle__title\">Wie lange h\u00e4lt die Batterie des c-med\u00b0 alpha?<\/div>\r\n    \t\t\t<div class=\"hts-toggle__content\">\r\n    \t\t\t\t<div class=\"hts-toggle__contentwrap\">\r\n    \t\t\t\t\t<p> Bei kontinuierlicher Messung im Sekundentakt h\u00e4lt die Batterie bis zu 12 Stunden.<\/p>\n    \t\t\t\t<\/div>\r\n    \t\t\t<\/div><!-- \/ht-toggle-content -->\r\n    \t\t<\/div>\r\n    \t\t\n    \t\t<div class=\"hts-toggle  \"  >\r\n    \t\t\t<div class=\"hts-toggle__title\">Wie lange muss ich den c-med\u00b0 alpha aufladen, bis die Batterie voll geladen ist?<\/div>\r\n    \t\t\t<div class=\"hts-toggle__content\">\r\n    \t\t\t\t<div class=\"hts-toggle__contentwrap\">\r\n    \t\t\t\t\t<p> 1 Stunde.<\/p>\n    \t\t\t\t<\/div>\r\n    \t\t\t<\/div><!-- \/ht-toggle-content -->\r\n    \t\t<\/div>\r\n    \t\t\n    \t\t<div class=\"hts-toggle  \"  >\r\n    \t\t\t<div class=\"hts-toggle__title\">Wie kann ich auf die Messdaten zugreifen?<\/div>\r\n    \t\t\t<div class=\"hts-toggle__content\">\r\n    \t\t\t\t<div class=\"hts-toggle__contentwrap\">\r\n    \t\t\t\t\t<p> Wenn Sie den c-med\u00b0 alpha in Kombination mit der \u00b0Health App verwenden, k\u00f6nnen Sie innerhalb der App auf die Daten zugreifen. Sie haben zus\u00e4tzlich die M\u00f6glichkeit, diese zu exportieren und zu teilen.<\/p>\n    \t\t\t\t<\/div>\r\n    \t\t\t<\/div><!-- \/ht-toggle-content -->\r\n    \t\t<\/div>\r\n    \t\t\n    \t\t<div class=\"hts-toggle  \"  >\r\n    \t\t\t<div class=\"hts-toggle__title\">Kann ich die gesammelten Daten mit einer Drittanbieter-App integrieren?<\/div>\r\n    \t\t\t<div class=\"hts-toggle__content\">\r\n    \t\t\t\t<div class=\"hts-toggle__contentwrap\">\r\n    \t\t\t\t\t<p>Ja, das ist ebenfalls m\u00f6glich.<\/p>\n    \t\t\t\t<\/div>\r\n    \t\t\t<\/div><!-- \/ht-toggle-content -->\r\n    \t\t<\/div>\r\n    \t\t\n    \t\t<div class=\"hts-toggle  \"  >\r\n    \t\t\t<div class=\"hts-toggle__title\">Was ist die maximale Reichweite der Verbindung zwischen dem c-med\u00b0 alpha und dem Smartphone?<\/div>\r\n    \t\t\t<div class=\"hts-toggle__content\">\r\n    \t\t\t\t<div class=\"hts-toggle__contentwrap\">\r\n    \t\t\t\t\t<p> 10 Meter, definiert durch die Bluetooth-Verbindung.<\/p>\n    \t\t\t\t<\/div>\r\n    \t\t\t<\/div><!-- \/ht-toggle-content -->\r\n    \t\t<\/div>\r\n    \t\t\n    \t\t<div class=\"hts-toggle  \"  >\r\n    \t\t\t<div class=\"hts-toggle__title\">Spielt es eine Rolle, wenn der Sensorkopf des c-med\u00b0 alpha verschmutzt ist?<br \/>\n<\/div>\r\n    \t\t\t<div class=\"hts-toggle__content\">\r\n    \t\t\t\t<div class=\"hts-toggle__contentwrap\">\r\n    \t\t\t\t\t<p> Ja, dies kann die Qualit\u00e4t der Messungen beeintr\u00e4chtigen. Bitte achten Sie darauf, den Kopf des c-med\u00b0 alpha immer ordnungsgem\u00e4\u00df zu reinigen.<\/p>\n    \t\t\t\t<\/div>\r\n    \t\t\t<\/div><!-- \/ht-toggle-content -->\r\n    \t\t<\/div>\r\n    \t\t\n    \t\t<div class=\"hts-toggle  \"  >\r\n    \t\t\t<div class=\"hts-toggle__title\">Ist der c-med\u00b0 alpha wasserdicht?<\/div>\r\n    \t\t\t<div class=\"hts-toggle__content\">\r\n    \t\t\t\t<div class=\"hts-toggle__contentwrap\">\r\n    \t\t\t\t\t<p> Ja, mit der Schutzklasse IP 47 ist er bis zu 30 Minuten unter Wasser wasserdicht und widerstandsf\u00e4hig gegen das Eindringen von Staubpartikeln gr\u00f6\u00dfer als 1 mm.<\/p>\n    \t\t\t\t<\/div>\r\n    \t\t\t<\/div><!-- \/ht-toggle-content -->\r\n    \t\t<\/div>\r\n    \t\t\n    \t\t<div class=\"hts-toggle  \"  >\r\n    \t\t\t<div class=\"hts-toggle__title\">In welchen Situationen kann ich mit einer schlechteren Messqualit\u00e4t rechnen?<\/div>\r\n    \t\t\t<div class=\"hts-toggle__content\">\r\n    \t\t\t\t<div class=\"hts-toggle__contentwrap\">\r\n    \t\t\t\t\t<p> Die Messqualit\u00e4t kann generell durch Bewegungen beeintr\u00e4chtigt werden, insbesondere durch Bewegungen des Kiefers, beispielsweise beim Kauen oder Sprechen.<\/p>\n    \t\t\t\t<\/div>\r\n    \t\t\t<\/div><!-- \/ht-toggle-content -->\r\n    \t\t<\/div>\r\n    \t\t\n    \t\t<div class=\"hts-toggle  \"  >\r\n    \t\t\t<div class=\"hts-toggle__title\">Welchen Umgebungsbedingungen sollte der c-med\u00b0 alpha w\u00e4hrend der Messung NICHT ausgesetzt werden?<\/div>\r\n    \t\t\t<div class=\"hts-toggle__content\">\r\n    \t\t\t\t<div class=\"hts-toggle__contentwrap\">\r\n    \t\t\t\t\t<p> Der c-med\u00b0 alpha sollte nicht kaltem Wind, direkter Sonneneinstrahlung und starkem Regen ausgesetzt sein. Bitte decken Sie den Sensor und das Ohr ab, wenn Sie das Ger\u00e4t im Freien verwenden.<\/p>\n    \t\t\t\t<\/div>\r\n    \t\t\t<\/div><!-- \/ht-toggle-content -->\r\n    \t\t<\/div>\r\n    \t\t\n    \t\t<div class=\"hts-toggle  \"  >\r\n    \t\t\t<div class=\"hts-toggle__title\">Habe ich die M\u00f6glichkeit, Updates der Firmware f\u00fcr den c-med\u00b0 alpha zu erhalten?<\/div>\r\n    \t\t\t<div class=\"hts-toggle__content\">\r\n    \t\t\t\t<div class=\"hts-toggle__contentwrap\">\r\n    \t\t\t\t\t<p> Ja, mit der cosinuss\u00b0 LabApp k\u00f6nnen Sie Ihren c-med\u00b0 alpha aktualisieren, wenn ein Update verf\u00fcgbar ist.<\/p>\n    \t\t\t\t<\/div>\r\n    \t\t\t<\/div><!-- \/ht-toggle-content -->\r\n    \t\t<\/div>\r\n    \t\t\n<p>&nbsp;<\/p>\n","protected":false},"excerpt":{"rendered":"<p>&nbsp;<\/p>\n","protected":false},"author":4,"featured_media":0,"parent":331,"menu_order":0,"comment_status":"closed","ping_status":"closed","template":"","meta":{"footnotes":""},"class_list":["post-2007","page","type-page","status-publish","hentry"],"_links":{"self":[{"href":"https:\/\/support.cosinuss.com\/de\/wp-json\/wp\/v2\/pages\/2007","targetHints":{"allow":["GET"]}}],"collection":[{"href":"https:\/\/support.cosinuss.com\/de\/wp-json\/wp\/v2\/pages"}],"about":[{"href":"https:\/\/support.cosinuss.com\/de\/wp-json\/wp\/v2\/types\/page"}],"author":[{"embeddable":true,"href":"https:\/\/support.cosinuss.com\/de\/wp-json\/wp\/v2\/users\/4"}],"replies":[{"embeddable":true,"href":"https:\/\/support.cosinuss.com\/de\/wp-json\/wp\/v2\/comments?post=2007"}],"version-history":[{"count":3,"href":"https:\/\/support.cosinuss.com\/de\/wp-json\/wp\/v2\/pages\/2007\/revisions"}],"predecessor-version":[{"id":2025,"href":"https:\/\/support.cosinuss.com\/de\/wp-json\/wp\/v2\/pages\/2007\/revisions\/2025"}],"up":[{"embeddable":true,"href":"https:\/\/support.cosinuss.com\/de\/wp-json\/wp\/v2\/pages\/331"}],"wp:attachment":[{"href":"https:\/\/support.cosinuss.com\/de\/wp-json\/wp\/v2\/media?parent=2007"}],"curies":[{"name":"wp","href":"https:\/\/api.w.org\/{rel}","templated":true}]}}