{"id":2009,"date":"2025-07-25T13:14:54","date_gmt":"2025-07-25T11:14:54","guid":{"rendered":"https:\/\/support.cosinuss.com\/?page_id=2009"},"modified":"2025-07-25T13:14:54","modified_gmt":"2025-07-25T11:14:54","slug":"faq-fuer-die-verwendung-von-c-med-alpha-in-kombination-mit-gateway-cosinuss-health-cloud-server-und-cosinuss-health-web","status":"publish","type":"page","link":"https:\/\/support.cosinuss.com\/de\/faq\/faq-fuer-die-verwendung-von-c-med-alpha-in-kombination-mit-gateway-cosinuss-health-cloud-server-und-cosinuss-health-web\/","title":{"rendered":"FAQ f\u00fcr die Verwendung von c-med\u00b0 alpha in Kombination mit Gateway, cosinuss\u00b0 Health (cloud server) und cosinuss\u00b0 Health Web"},"content":{"rendered":"    \t\t<div class=\"hts-toggle  \"  >\r\n    \t\t\t<div class=\"hts-toggle__title\">Wie funktioniert der c-med\u00b0 alpha in Kombination mit cosinuss\u00b0 Health Web?<br \/>\n<\/div>\r\n    \t\t\t<div class=\"hts-toggle__content\">\r\n    \t\t\t\t<div class=\"hts-toggle__contentwrap\">\r\n    \t\t\t\t\t<p> Der c-med\u00b0 alpha ist ein Im-Ohr-Sensor f\u00fcr Vitalparameter, der im \u00e4u\u00dferen Geh\u00f6rgang des Patienten\/der Patientin angebracht wird. Er erfasst kontinuierlich mehrere Vitalparameter des Patienten\/der Patientin und \u00fcbertr\u00e4gt diese Daten per Bluetooth.<br \/>\nDas Gateway ist ein Empf\u00e4nger, der die Daten an cosinuss\u00b0 Health, einen Cloud-Server, weiterleitet. Ein Gateway kann Daten von mehreren c-med\u00b0 alpha-Sensoren empfangen.<br \/>\ncosinuss\u00b0 Health ist die Cloud-Server-L\u00f6sung von cosinuss\u00b0, die alle Daten speichert und den Zugriff darauf erm\u00f6glicht. Au\u00dferdem bietet sie verschiedene Ansichtsoptionen f\u00fcr die gesammelten Daten, angefangen von einer \u00dcbersicht aller \u00fcberwachten Patienten\/Patientinnen \u00fcber eine Tagesansicht eines ausgew\u00e4hlten Patienten\/Patientin bis hin zu einer Detailansicht jedes Datenpunkts eines ausgew\u00e4hlten Patienten\/Patientin und Zeitintervalls.<br \/>\ncosinuss\u00b0 Health Web ist die Webanwendung f\u00fcr den Cloud-Server, die den Zugriff auf und die Analyse der erfassten Daten erm\u00f6glicht. Schnittstelle zu HL7 Fire und anderen Server-Schnittstellen ist verf\u00fcgbar.<\/p>\n    \t\t\t\t<\/div>\r\n    \t\t\t<\/div><!-- \/ht-toggle-content -->\r\n    \t\t<\/div>\r\n    \t\t\n    \t\t<div class=\"hts-toggle  \"  >\r\n    \t\t\t<div class=\"hts-toggle__title\">Welche Daten werden mit dem c-med\u00b0 alpha in Kombination mit \u00b0Health Web erfasst?<\/div>\r\n    \t\t\t<div class=\"hts-toggle__content\">\r\n    \t\t\t\t<div class=\"hts-toggle__contentwrap\">\r\n    \t\t\t\t\t<p> Vitalparameter: K\u00f6rpertemperatur, Pulsfrequenz, Blutsauerstoffs\u00e4ttigung.<br \/>\nKontextdaten: Photoplethysmogramm (alle Farben: rot, infrarot und gr\u00fcn PPG), Qualit\u00e4tsindikator f\u00fcr die Pulsfrequenz, Perfusionsindex der SpO2-Messung und 3-Achsen-Beschleunigungsdaten des Kopfes.<\/p>\n    \t\t\t\t<\/div>\r\n    \t\t\t<\/div><!-- \/ht-toggle-content -->\r\n    \t\t<\/div>\r\n    \t\t\n    \t\t<div class=\"hts-toggle  \"  >\r\n    \t\t\t<div class=\"hts-toggle__title\">Wie funktionieren die Messungen?<\/div>\r\n    \t\t\t<div class=\"hts-toggle__content\">\r\n    \t\t\t\t<div class=\"hts-toggle__contentwrap\">\r\n    \t\t\t\t\t<p> Die Pulsfrequenz und SpO2 werden mit der Pulsoximetrie-Methode gemessen, wobei zus\u00e4tzlich zu Rot\/Infrarot auch gr\u00fcnes PPG verwendet wird.<br \/>\nDie K\u00f6rpertemperatur wird mit einem Infrarotsensor gemessen, der auf das Trommelfell gerichtet ist (direkte Messung).<br \/>\nQualit\u00e4tsindikatoren werden auf der Grundlage der gemessenen PPG-Rohdaten der dreifarbigen LEDs sowie der Beschleunigungssignale berechnet.<\/p>\n    \t\t\t\t<\/div>\r\n    \t\t\t<\/div><!-- \/ht-toggle-content -->\r\n    \t\t<\/div>\r\n    \t\t\n    \t\t<div class=\"hts-toggle  \"  >\r\n    \t\t\t<div class=\"hts-toggle__title\">M\u00fcssen die Sensoren oder die Ladebox einer Sicherheitstechnischen Kontrolle (STK) oder einer Messtechnischen Kontrolle (MTK) gem\u00e4\u00df der Medizinprodukte-Betreiberverordnung (MPBetreibV) unterzogen werden oder sind sie wartungsfrei?<\/div>\r\n    \t\t\t<div class=\"hts-toggle__content\">\r\n    \t\t\t\t<div class=\"hts-toggle__contentwrap\">\r\n    \t\t\t\t\t<p> Die Sensoren m\u00fcssen einmal j\u00e4hrlich einer MTK unterzogen werden, die Ladeboxen sind wartungsfrei.<\/p>\n    \t\t\t\t<\/div>\r\n    \t\t\t<\/div><!-- \/ht-toggle-content -->\r\n    \t\t<\/div>\r\n    \t\t\n    \t\t<div class=\"hts-toggle  \"  >\r\n    \t\t\t<div class=\"hts-toggle__title\">Ist es m\u00f6glich, die Batterie zu reparieren oder auszutauschen, oder werden die Ger\u00e4te bei Besch\u00e4digung oder Fehlfunktion entsorgt?<\/div>\r\n    \t\t\t<div class=\"hts-toggle__content\">\r\n    \t\t\t\t<div class=\"hts-toggle__contentwrap\">\r\n    \t\t\t\t\t<p> Eine Reparatur oder ein Batteriewechsel ist nicht m\u00f6glich.<br \/>\nGarantiebedingungen f\u00fcr den c-med\u00b0 alpha: 24 Monate ab dem Datum des Verkaufs an den Endkunden oder einer anderen Erstinbetriebnahme.<\/p>\n    \t\t\t\t<\/div>\r\n    \t\t\t<\/div><!-- \/ht-toggle-content -->\r\n    \t\t<\/div>\r\n    \t\t\n    \t\t<div class=\"hts-toggle  \"  >\r\n    \t\t\t<div class=\"hts-toggle__title\">Was ist der Lebenszyklus eines c-med\u00b0 alpha?<\/div>\r\n    \t\t\t<div class=\"hts-toggle__content\">\r\n    \t\t\t\t<div class=\"hts-toggle__contentwrap\">\r\n    \t\t\t\t\t<p> 24 Monate ab Verpackung beim Hersteller, Cosinuss GmbH.<\/p>\n    \t\t\t\t<\/div>\r\n    \t\t\t<\/div><!-- \/ht-toggle-content -->\r\n    \t\t<\/div>\r\n    \t\t\n    \t\t<div class=\"hts-toggle  \"  >\r\n    \t\t\t<div class=\"hts-toggle__title\">Was sind geeignete Desinfektionsmittel<\/div>\r\n    \t\t\t<div class=\"hts-toggle__content\">\r\n    \t\t\t\t<div class=\"hts-toggle__contentwrap\">\r\n    \t\t\t\t\t<p> Empfohlene Reinigungsmittel:<br \/>\nPrim\u00e4re Empfehlung: Sch\u00fclke mikrozid\u00ae AF Fl\u00fcssigkeit und T\u00fccher;<br \/>\nAlternative: Alkoholbasiertes Desinfektionsmittel (60 % w\/w), ohne Duftstoffe, unverd\u00fcnnt verwenden.<\/p>\n    \t\t\t\t<\/div>\r\n    \t\t\t<\/div><!-- \/ht-toggle-content -->\r\n    \t\t<\/div>\r\n    \t\t\n    \t\t<div class=\"hts-toggle  \"  >\r\n    \t\t\t<div class=\"hts-toggle__title\">Wie findet man die richtige Gr\u00f6\u00dfe?<\/div>\r\n    \t\t\t<div class=\"hts-toggle__content\">\r\n    \t\t\t\t<div class=\"hts-toggle__contentwrap\">\r\n    \t\t\t\t\t<p> Wenn Sie den Sensor schnell anwenden m\u00fcssen, nehmen Sie Gr\u00f6\u00dfe M. Falls er nicht in den Geh\u00f6rgang passt, wechseln Sie zu Gr\u00f6\u00dfe S.<br \/>\nF\u00fcr Studien oder l\u00e4ngere Messungen: Um die beste Gr\u00f6\u00dfe zu finden, sollten Sie Testmessungen von 3 Minuten in Ruhe (ohne Bewegung, Sprechen, Kauen usw.) durchf\u00fchren. Achten Sie auf den Qualit\u00e4tsindex, der \u00fcber 30 liegen sollte (je h\u00f6her, desto besser). Au\u00dferdem sollte der Perfusionsindex zwischen 0,1 und 2 liegen. Wechseln Sie zu einer anderen Gr\u00f6\u00dfe, wenn dies nicht der stabile Zustand ist.<\/p>\n    \t\t\t\t<\/div>\r\n    \t\t\t<\/div><!-- \/ht-toggle-content -->\r\n    \t\t<\/div>\r\n    \t\t\n    \t\t<div class=\"hts-toggle  \"  >\r\n    \t\t\t<div class=\"hts-toggle__title\">Ist der c-med\u00b0 alpha wiederverwendbar?<\/div>\r\n    \t\t\t<div class=\"hts-toggle__content\">\r\n    \t\t\t\t<div class=\"hts-toggle__contentwrap\">\r\n    \t\t\t\t\t<p> Ja.<\/p>\n    \t\t\t\t<\/div>\r\n    \t\t\t<\/div><!-- \/ht-toggle-content -->\r\n    \t\t<\/div>\r\n    \t\t\n    \t\t<div class=\"hts-toggle  \"  >\r\n    \t\t\t<div class=\"hts-toggle__title\">Wie kann ich den c-med\u00b0 alpha desinfizieren?<\/div>\r\n    \t\t\t<div class=\"hts-toggle__content\">\r\n    \t\t\t\t<div class=\"hts-toggle__contentwrap\">\r\n    \t\t\t\t\t<p> Zur Desinfektion und Reinigung empfehlen wir Sch\u00fclke mikrozid\u00ae AF Fl\u00fcssigkeit und T\u00fccher; Alternative: Alkoholbasiertes Desinfektionsmittel (60 % w\/w), ohne Duftstoffe, unverd\u00fcnnt anwenden. Eine Schritt-f\u00fcr-Schritt-Anleitung zur Reinigung und Desinfektion finden Sie in der Gebrauchsanweisung des c-med\u00b0 alpha.<\/p>\n    \t\t\t\t<\/div>\r\n    \t\t\t<\/div><!-- \/ht-toggle-content -->\r\n    \t\t<\/div>\r\n    \t\t\n    \t\t<div class=\"hts-toggle  \"  >\r\n    \t\t\t<div class=\"hts-toggle__title\">Wie lange h\u00e4lt die Batterie des c-med\u00b0 alpha?<\/div>\r\n    \t\t\t<div class=\"hts-toggle__content\">\r\n    \t\t\t\t<div class=\"hts-toggle__contentwrap\">\r\n    \t\t\t\t\t<p> Wenn Sie jede Sekunde kontinuierlich messen, h\u00e4lt die Batterie bis zu 12 Stunden.<br \/>\nWenn Sie sich daf\u00fcr entscheiden, in Zyklen von jeweils einigen Minuten zu bestimmten Zeitintervallen zu messen, kann dies die Batterielebensdauer erheblich verl\u00e4ngern, bis zu mehreren Tagen.<\/p>\n    \t\t\t\t<\/div>\r\n    \t\t\t<\/div><!-- \/ht-toggle-content -->\r\n    \t\t<\/div>\r\n    \t\t\n    \t\t<div class=\"hts-toggle  \"  >\r\n    \t\t\t<div class=\"hts-toggle__title\">Wie lange muss ich den c-med\u00b0 alpha aufladen, bis die Batterie voll geladen ist?<br \/>\n<\/div>\r\n    \t\t\t<div class=\"hts-toggle__content\">\r\n    \t\t\t\t<div class=\"hts-toggle__contentwrap\">\r\n    \t\t\t\t\t<p> 1 Stunde.<\/p>\n    \t\t\t\t<\/div>\r\n    \t\t\t<\/div><!-- \/ht-toggle-content -->\r\n    \t\t<\/div>\r\n    \t\t\n    \t\t<div class=\"hts-toggle  \"  >\r\n    \t\t\t<div class=\"hts-toggle__title\">Wie kann ich auf die Messdaten zugreifen?<\/div>\r\n    \t\t\t<div class=\"hts-toggle__content\">\r\n    \t\t\t\t<div class=\"hts-toggle__contentwrap\">\r\n    \t\t\t\t\t<p> Wenn Sie den c-med\u00b0 alpha in Kombination mit der \u00b0Health App verwenden, k\u00f6nnen Sie innerhalb der App auf die Daten zugreifen. Sie haben zus\u00e4tzlich die M\u00f6glichkeit, diese zu exportieren und zu teilen.<br \/>\nWenn Sie das Gateway verwenden und die Daten an die cosinuss\u00b0 Health Cloud senden, haben Sie \u00fcber Ihr cosinuss\u00b0 Health-Konto Zugriff darauf. Dort k\u00f6nnen Sie alle gesammelten Daten einsehen und herunterladen oder \u00fcber eine der verf\u00fcgbaren Schnittstellen automatisch \u00fcbertragen.<\/p>\n    \t\t\t\t<\/div>\r\n    \t\t\t<\/div><!-- \/ht-toggle-content -->\r\n    \t\t<\/div>\r\n    \t\t\n    \t\t<div class=\"hts-toggle  \"  >\r\n    \t\t\t<div class=\"hts-toggle__title\">Ist der cosinuss\u00b0 Health Cloud-Server mit dem Datensystem des Krankenhauses kompatibel?<\/div>\r\n    \t\t\t<div class=\"hts-toggle__content\">\r\n    \t\t\t\t<div class=\"hts-toggle__contentwrap\">\r\n    \t\t\t\t\t<p>Ja, das cosinuss\u00b0 Health-System l\u00e4sst sich in jede Krankenhausdatenumgebung integrieren.<\/p>\n    \t\t\t\t<\/div>\r\n    \t\t\t<\/div><!-- \/ht-toggle-content -->\r\n    \t\t<\/div>\r\n    \t\t\n    \t\t<div class=\"hts-toggle  \"  >\r\n    \t\t\t<div class=\"hts-toggle__title\">Kann ich die gesammelten Daten mit einer Drittanbieter-App integrieren?<\/div>\r\n    \t\t\t<div class=\"hts-toggle__content\">\r\n    \t\t\t\t<div class=\"hts-toggle__contentwrap\">\r\n    \t\t\t\t\t<p> Ja, das ist ebenfalls m\u00f6glich.<\/p>\n    \t\t\t\t<\/div>\r\n    \t\t\t<\/div><!-- \/ht-toggle-content -->\r\n    \t\t<\/div>\r\n    \t\t\n    \t\t<div class=\"hts-toggle  \"  >\r\n    \t\t\t<div class=\"hts-toggle__title\">Verwenden Sie den Namen des Patienten\/der Patientin in der cosinuss\u00b0 Health-Plattform?<\/div>\r\n    \t\t\t<div class=\"hts-toggle__content\">\r\n    \t\t\t\t<div class=\"hts-toggle__contentwrap\">\r\n    \t\t\t\t\t<p> Nein, alles wird mit Hash-IDs pseudonymisiert, z. B. k\u00f6nnte die ID eines Patienten V4D9 lauten.<\/p>\n    \t\t\t\t<\/div>\r\n    \t\t\t<\/div><!-- \/ht-toggle-content -->\r\n    \t\t<\/div>\r\n    \t\t\n    \t\t<div class=\"hts-toggle  \"  >\r\n    \t\t\t<div class=\"hts-toggle__title\">Wie weise ich einem Patienten\/einer Patientin einen c-med\u00b0 alpha-Sensor und\/oder ein Gateway zu?<\/div>\r\n    \t\t\t<div class=\"hts-toggle__content\">\r\n    \t\t\t\t<div class=\"hts-toggle__contentwrap\">\r\n    \t\t\t\t\t<p> Sie k\u00f6nnen Ger\u00e4te innerhalb Ihres cosinuss\u00b0 Health-Kontos ganz einfach Patienten\/Patientinnen zuweisen oder neu zuweisen.<\/p>\n    \t\t\t\t<\/div>\r\n    \t\t\t<\/div><!-- \/ht-toggle-content -->\r\n    \t\t<\/div>\r\n    \t\t\n    \t\t<div class=\"hts-toggle  \"  >\r\n    \t\t\t<div class=\"hts-toggle__title\">Was ist die maximale Reichweite der Verbindung zwischen dem c-med\u00b0 alpha und dem Gateway?<\/div>\r\n    \t\t\t<div class=\"hts-toggle__content\">\r\n    \t\t\t\t<div class=\"hts-toggle__contentwrap\">\r\n    \t\t\t\t\t<p> 10 Meter, definiert durch die Bluetooth-Verbindung.<\/p>\n    \t\t\t\t<\/div>\r\n    \t\t\t<\/div><!-- \/ht-toggle-content -->\r\n    \t\t<\/div>\r\n    \t\t\n    \t\t<div class=\"hts-toggle  \"  >\r\n    \t\t\t<div class=\"hts-toggle__title\">Verf\u00fcgt das Gateway \u00fcber einen Puffer zum Speichern von Daten?<\/div>\r\n    \t\t\t<div class=\"hts-toggle__content\">\r\n    \t\t\t\t<div class=\"hts-toggle__contentwrap\">\r\n    \t\t\t\t\t<p> Ja, es speichert Daten, bis sie auf den Server hochgeladen werden.<\/p>\n    \t\t\t\t<\/div>\r\n    \t\t\t<\/div><!-- \/ht-toggle-content -->\r\n    \t\t<\/div>\r\n    \t\t\n    \t\t<div class=\"hts-toggle  \"  >\r\n    \t\t\t<div class=\"hts-toggle__title\">Spielt es eine Rolle, wenn der Sensorkopf des c-med\u00b0 alpha verschmutzt ist?<\/div>\r\n    \t\t\t<div class=\"hts-toggle__content\">\r\n    \t\t\t\t<div class=\"hts-toggle__contentwrap\">\r\n    \t\t\t\t\t<p> Ja, dies kann die Qualit\u00e4t der Messungen beeintr\u00e4chtigen. Bitte achten Sie darauf, den Kopf des c-med\u00b0 alpha immer ordnungsgem\u00e4\u00df zu reinigen. <\/p>\n    \t\t\t\t<\/div>\r\n    \t\t\t<\/div><!-- \/ht-toggle-content -->\r\n    \t\t<\/div>\r\n    \t\t\n    \t\t<div class=\"hts-toggle  \"  >\r\n    \t\t\t<div class=\"hts-toggle__title\">Ist der c-med\u00b0 alpha wasserdicht?<\/div>\r\n    \t\t\t<div class=\"hts-toggle__content\">\r\n    \t\t\t\t<div class=\"hts-toggle__contentwrap\">\r\n    \t\t\t\t\t<p> Ja, mit der Schutzklasse IP 47 ist er bis zu 30 Minuten unter Wasser wasserdicht und widerstandsf\u00e4hig gegen das Eindringen von Staubpartikeln gr\u00f6\u00dfer als 1 mm.<\/p>\n    \t\t\t\t<\/div>\r\n    \t\t\t<\/div><!-- \/ht-toggle-content -->\r\n    \t\t<\/div>\r\n    \t\t\n    \t\t<div class=\"hts-toggle  \"  >\r\n    \t\t\t<div class=\"hts-toggle__title\">In welchen Situationen kann ich mit einer schlechteren Messqualit\u00e4t rechnen?<\/div>\r\n    \t\t\t<div class=\"hts-toggle__content\">\r\n    \t\t\t\t<div class=\"hts-toggle__contentwrap\">\r\n    \t\t\t\t\t<p> Die Messqualit\u00e4t kann generell durch Bewegungen beeintr\u00e4chtigt werden, insbesondere durch Bewegungen des Kiefers, beispielsweise beim Kauen oder Sprechen.<\/p>\n    \t\t\t\t<\/div>\r\n    \t\t\t<\/div><!-- \/ht-toggle-content -->\r\n    \t\t<\/div>\r\n    \t\t\n    \t\t<div class=\"hts-toggle  \"  >\r\n    \t\t\t<div class=\"hts-toggle__title\">Welchen Umgebungsbedingungen sollte der c-med\u00b0 alpha w\u00e4hrend der Messung NICHT ausgesetzt werden?<br \/>\n<\/div>\r\n    \t\t\t<div class=\"hts-toggle__content\">\r\n    \t\t\t\t<div class=\"hts-toggle__contentwrap\">\r\n    \t\t\t\t\t<p> Der c-med\u00b0 alpha sollte nicht kaltem Wind, direkter Sonneneinstrahlung und starkem Regen ausgesetzt sein. Bitte decken Sie den Sensor und das Ohr ab, wenn Sie das Ger\u00e4t im Freien verwenden.<\/p>\n    \t\t\t\t<\/div>\r\n    \t\t\t<\/div><!-- \/ht-toggle-content -->\r\n    \t\t<\/div>\r\n    \t\t\n    \t\t<div class=\"hts-toggle  \"  >\r\n    \t\t\t<div class=\"hts-toggle__title\">Kann ich die Daten vom Server herunterladen?<\/div>\r\n    \t\t\t<div class=\"hts-toggle__content\">\r\n    \t\t\t\t<div class=\"hts-toggle__contentwrap\">\r\n    \t\t\t\t\t<p> Ja, Sie k\u00f6nnen sie direkt als CSV-Dateien oder \u00fcber die Rest-API herunterladen.<br \/>\nSie k\u00f6nnen die Daten auch \u00fcber die Fire-HL7-Schnittstelle \u00fcbertragen.<\/p>\n    \t\t\t\t<\/div>\r\n    \t\t\t<\/div><!-- \/ht-toggle-content -->\r\n    \t\t<\/div>\r\n    \t\t\n    \t\t<div class=\"hts-toggle  \"  >\r\n    \t\t\t<div class=\"hts-toggle__title\">Habe ich die M\u00f6glichkeit, Updates der Firmware f\u00fcr den c-med\u00b0 alpha zu erhalten?<\/div>\r\n    \t\t\t<div class=\"hts-toggle__content\">\r\n    \t\t\t\t<div class=\"hts-toggle__contentwrap\">\r\n    \t\t\t\t\t<p> Ja, mit der cosinuss\u00b0 LabApp k\u00f6nnen Sie Ihren c-med\u00b0 alpha aktualisieren, wenn ein Update verf\u00fcgbar ist.<\/p>\n    \t\t\t\t<\/div>\r\n    \t\t\t<\/div><!-- \/ht-toggle-content -->\r\n    \t\t<\/div>\r\n    \t\t\n    \t\t<div class=\"hts-toggle  \"  >\r\n    \t\t\t<div class=\"hts-toggle__title\">Habe ich die M\u00f6glichkeit, Updates f\u00fcr das Gateway zu erhalten?<br \/>\n<\/div>\r\n    \t\t\t<div class=\"hts-toggle__content\">\r\n    \t\t\t\t<div class=\"hts-toggle__contentwrap\">\r\n    \t\t\t\t\t<p> Ja. In Ihrem cosinuss\u00b0 Health-Konto sehen Sie neben Ihren Gateways eine Schaltfl\u00e4che \u201eNeue Version\u201d, wenn Updates verf\u00fcgbar sind.<\/p>\n    \t\t\t\t<\/div>\r\n    \t\t\t<\/div><!-- \/ht-toggle-content -->\r\n    \t\t<\/div>\r\n    \t\t\n<p>&nbsp;<\/p>\n","protected":false},"excerpt":{"rendered":"<p>&nbsp;<\/p>\n","protected":false},"author":4,"featured_media":0,"parent":331,"menu_order":0,"comment_status":"closed","ping_status":"closed","template":"","meta":{"footnotes":""},"class_list":["post-2009","page","type-page","status-publish","hentry"],"_links":{"self":[{"href":"https:\/\/support.cosinuss.com\/de\/wp-json\/wp\/v2\/pages\/2009","targetHints":{"allow":["GET"]}}],"collection":[{"href":"https:\/\/support.cosinuss.com\/de\/wp-json\/wp\/v2\/pages"}],"about":[{"href":"https:\/\/support.cosinuss.com\/de\/wp-json\/wp\/v2\/types\/page"}],"author":[{"embeddable":true,"href":"https:\/\/support.cosinuss.com\/de\/wp-json\/wp\/v2\/users\/4"}],"replies":[{"embeddable":true,"href":"https:\/\/support.cosinuss.com\/de\/wp-json\/wp\/v2\/comments?post=2009"}],"version-history":[{"count":4,"href":"https:\/\/support.cosinuss.com\/de\/wp-json\/wp\/v2\/pages\/2009\/revisions"}],"predecessor-version":[{"id":2027,"href":"https:\/\/support.cosinuss.com\/de\/wp-json\/wp\/v2\/pages\/2009\/revisions\/2027"}],"up":[{"embeddable":true,"href":"https:\/\/support.cosinuss.com\/de\/wp-json\/wp\/v2\/pages\/331"}],"wp:attachment":[{"href":"https:\/\/support.cosinuss.com\/de\/wp-json\/wp\/v2\/media?parent=2009"}],"curies":[{"name":"wp","href":"https:\/\/api.w.org\/{rel}","templated":true}]}}