{"id":325,"date":"2018-10-23T15:19:29","date_gmt":"2018-10-23T13:19:29","guid":{"rendered":"http:\/\/support.cosinuss.com\/?page_id=325"},"modified":"2024-01-23T13:40:38","modified_gmt":"2024-01-23T12:40:38","slug":"sende-uns-ein-support-ticket","status":"publish","type":"page","link":"https:\/\/support.cosinuss.com\/de\/sende-uns-ein-support-ticket\/","title":{"rendered":"Senden Sie uns ein Support Ticket"},"content":{"rendered":"<p><strong>Das Formular auf dieser Seite ist verbunden mit unserem Support System. Schicken Sie uns Ihre Nachricht und Ihre Frage, wir freuen uns Ihnen pers\u00f6nlich helfen zu k\u00f6nnen.<\/strong><\/p>\n<p>Wir werden Ihnen schnellstm\u00f6glich antworten.<\/p>\n<div class=\"wpforms-container wpforms-container-full\" id=\"wpforms-269\"><form id=\"wpforms-form-269\" class=\"wpforms-validate wpforms-form\" data-formid=\"269\" method=\"post\" enctype=\"multipart\/form-data\" action=\"\/de\/wp-json\/wp\/v2\/pages\/325\" data-token=\"a716ae137babc6e9f15caa3034e426da\" data-token-time=\"1775836611\"><noscript class=\"wpforms-error-noscript\">Bitte aktiviere JavaScript in deinem Browser, um dieses Formular fertigzustellen.<\/noscript><div class=\"wpforms-field-container\"><div id=\"wpforms-269-field_0-container\" class=\"wpforms-field wpforms-field-name\" data-field-id=\"0\"><label class=\"wpforms-field-label\">Name <span class=\"wpforms-required-label\">*<\/span><\/label><div class=\"wpforms-field-row wpforms-field-medium\"><div class=\"wpforms-field-row-block wpforms-first wpforms-one-half\"><input type=\"text\" id=\"wpforms-269-field_0\" class=\"wpforms-field-name-first wpforms-field-required\" name=\"wpforms[fields][0][first]\" required><label for=\"wpforms-269-field_0\" class=\"wpforms-field-sublabel after\">Vorname<\/label><\/div><div class=\"wpforms-field-row-block wpforms-one-half\"><input type=\"text\" id=\"wpforms-269-field_0-last\" class=\"wpforms-field-name-last wpforms-field-required\" name=\"wpforms[fields][0][last]\" required><label for=\"wpforms-269-field_0-last\" class=\"wpforms-field-sublabel after\">Nachname<\/label><\/div><\/div><\/div><div id=\"wpforms-269-field_1-container\" class=\"wpforms-field wpforms-field-email\" data-field-id=\"1\"><label class=\"wpforms-field-label\" for=\"wpforms-269-field_1\">E-Mail-Adresse <span class=\"wpforms-required-label\">*<\/span><\/label><input type=\"email\" id=\"wpforms-269-field_1\" class=\"wpforms-field-medium wpforms-field-required\" name=\"wpforms[fields][1]\" spellcheck=\"false\" required><div class=\"wpforms-field-description\">Bitte geben Sie Ihre E-Mail-Adresse ein, damit wir mit Ihnen in Kontakt treten k\u00f6nnen.<\/div><\/div><div id=\"wpforms-269-field_4-container\" class=\"wpforms-field wpforms-field-textarea\" data-field-id=\"4\"><label class=\"wpforms-field-label\" for=\"wpforms-269-field_4\">Nachricht<\/label><textarea id=\"wpforms-269-field_4\" class=\"wpforms-field-medium\" name=\"wpforms[fields][4]\" ><\/textarea><\/div><\/div><!-- .wpforms-field-container --><div class=\"wpforms-field wpforms-field-hp\"><label for=\"wpforms-269-field-hp\" class=\"wpforms-field-label\">Name<\/label><input type=\"text\" name=\"wpforms[hp]\" id=\"wpforms-269-field-hp\" class=\"wpforms-field-medium\"><\/div><div class=\"wpforms-submit-container\" ><input type=\"hidden\" name=\"wpforms[id]\" value=\"269\"><input type=\"hidden\" name=\"page_title\" value=\"\"><input type=\"hidden\" name=\"page_url\" value=\"https:\/\/support.cosinuss.com\/de\/wp-json\/wp\/v2\/pages\/325\"><input type=\"hidden\" name=\"url_referer\" value=\"\"><button type=\"submit\" name=\"wpforms[submit]\" id=\"wpforms-submit-269\" class=\"wpforms-submit\" data-alt-text=\"Sende...\" data-submit-text=\"Senden\" aria-live=\"assertive\" value=\"wpforms-submit\">Senden<\/button><\/div><\/form><\/div>  <!-- .wpforms-container -->\n","protected":false},"excerpt":{"rendered":"<p>Das Formular auf dieser Seite ist verbunden mit unserem Support System. Schicken Sie uns Ihre Nachricht und Ihre Frage, wir freuen uns Ihnen pers\u00f6nlich helfen zu k\u00f6nnen. Wir werden Ihnen schnellstm\u00f6glich antworten.<\/p>\n","protected":false},"author":2,"featured_media":0,"parent":0,"menu_order":0,"comment_status":"closed","ping_status":"closed","template":"","meta":{"footnotes":""},"class_list":["post-325","page","type-page","status-publish","hentry"],"_links":{"self":[{"href":"https:\/\/support.cosinuss.com\/de\/wp-json\/wp\/v2\/pages\/325","targetHints":{"allow":["GET"]}}],"collection":[{"href":"https:\/\/support.cosinuss.com\/de\/wp-json\/wp\/v2\/pages"}],"about":[{"href":"https:\/\/support.cosinuss.com\/de\/wp-json\/wp\/v2\/types\/page"}],"author":[{"embeddable":true,"href":"https:\/\/support.cosinuss.com\/de\/wp-json\/wp\/v2\/users\/2"}],"replies":[{"embeddable":true,"href":"https:\/\/support.cosinuss.com\/de\/wp-json\/wp\/v2\/comments?post=325"}],"version-history":[{"count":4,"href":"https:\/\/support.cosinuss.com\/de\/wp-json\/wp\/v2\/pages\/325\/revisions"}],"predecessor-version":[{"id":1924,"href":"https:\/\/support.cosinuss.com\/de\/wp-json\/wp\/v2\/pages\/325\/revisions\/1924"}],"wp:attachment":[{"href":"https:\/\/support.cosinuss.com\/de\/wp-json\/wp\/v2\/media?parent=325"}],"curies":[{"name":"wp","href":"https:\/\/api.w.org\/{rel}","templated":true}]}}