{"id":642,"date":"2019-05-28T16:33:55","date_gmt":"2019-05-28T14:33:55","guid":{"rendered":"https:\/\/support.cosinuss.com\/?page_id=642"},"modified":"2019-05-28T16:33:55","modified_gmt":"2019-05-28T14:33:55","slug":"datenschutzerklaerung-degree-app","status":"publish","type":"page","link":"https:\/\/support.cosinuss.com\/de\/datenschutzerklaerung-degree-app\/","title":{"rendered":"Datenschutzerkl\u00e4rung degree\u00b0 App"},"content":{"rendered":"<p class=\"p3\"><span class=\"s1\">Stand: 01.04.2019<\/span><\/p>\n<p class=\"p3\"><span class=\"s1\">Wir nehmen den Schutz Ihrer pers\u00f6nlichen Daten sehr ernst. <\/span><span class=\"s1\">Wir behandeln Ihre personenbezogenen Daten vertraulich und entsprechend der gesetzlichen Datenschutzvorschriften sowie dieser Datenschutzerkl\u00e4rung. Diese Datenschutzerkl\u00e4rung gilt f\u00fcr unsere mobilen iPhone- und Android-Apps (im Folgenden \u201eApp\u201c). In ihr werden Art, Zweck und Umfang der Datenerhebung im Rahmen der App-Nutzung erl\u00e4utert.<\/span><\/p>\n<h2 class=\"p5\"><span class=\"s2\">Verantwortliche Stelle<\/span><\/h2>\n<p class=\"p3\"><span class=\"s1\">\u201eVerantwortliche Stelle\u201c ist die Stelle, die Deine personenbezogenen Daten erhebt, verarbeitet oder nutzt. Verantwortliche Stelle f\u00fcr die Datenverarbeitung im Rahmen dieser App ist:<\/span><\/p>\n<p class=\"p3\"><span class=\"s1\">Cosinuss GmbH,<br \/>\n<\/span>Kistlerhofstra\u00dfe 60,<br \/>\n<span class=\"s1\">81379 M\u00fcnchen, <\/span><span class=\"s1\">Deutschland, <\/span><\/p>\n<p class=\"p3\"><span class=\"s1\">Tel.: +49 (0)89 740 418 32,<br \/>\n<\/span><span class=\"s1\">E-Mail: <a href=\"mailto:info@cosinuss.com\"><span class=\"s3\">info@cosinuss.com<\/span><\/a><\/span><\/p>\n<h2 class=\"p5\"><span class=\"s2\">Welche personenbezogenen Daten werden bei der Nutzung der degree\u00b0 App von der Cosinuss GmbH erfasst?<\/span><\/h2>\n<p class=\"p3\"><span class=\"s1\">Alle pers\u00f6nlichen Daten werden von Ihnen als Nutzer der App eigenverantwortlich angegeben, erzeugt und gespeichert. Die degree\u00b0 App dient als erweitertes Display des Thermometers und als lokaler Speicherort der Temperaturdaten auf Ihrem Smartphone. Das Nutzen der degree\u00b0 App erfordert weder eine Registrierung noch die Erstellung eines Benutzerkontos in einer Cloud.<\/span><\/p>\n<p class=\"p3\"><span class=\"s1\">Die Cosinuss GmbH hat \u00fcber die degree\u00b0 App weder Zugriff auf diese Daten, noch \u00fcbermittelt sie pers\u00f6nlichen Daten an Dritte.<\/span><\/p>\n<p class=\"p3\"><span class=\"s1\">Bitte sch\u00fctzen Sie demnach Ihre pers\u00f6nlichen Daten auf Ihrem lokalem Empfangsger\u00e4t eigenverantwortlich vor missbr\u00e4uchlichem Zugriff durch Unbefugte. Verwenden Sie bitte nur vertrauensw\u00fcrdige und abgesicherte Ger\u00e4te und Services. Wir weisen darauf hin, dass die Daten\u00fcbertragung \u00fcber Bluetooth und die lokale Speicherung der Daten Sicherheitsrisiken birgt. Ein l\u00fcckenloser Schutz der Daten vor dem Zugriff durch Dritte ist nicht m\u00f6glich.<\/span><\/p>\n<p class=\"p3\"><span class=\"s1\">Im Besonderen erfolgt die Erfassung personenbezogener Daten durch diese App wenn, dann allein zur Fehleranalyse und wenn wir rechtlich hierzu berechtigt sind oder Sie der in Frage stehenden Datenerfassung ausdr\u00fccklich zugestimmt haben.<\/span><\/p>\n<h2 class=\"p5\"><span class=\"s2\">Welche personenbezogenen Daten werden von Ihnen als Nutzer der degree\u00b0 App erzeugt und gespeichert?<\/span><\/h2>\n<p class=\"p3\"><span class=\"s1\">Sie als Nutzer erzeugen und speichern Daten in verschiedenen Kategorien von personenbezogenen Daten. Personenbezogene Daten sind Daten, die R\u00fcckschl\u00fcsse auf Ihre Person zulassen. Wenn Sie diese App installieren und nutzen werden folgende personenbezogenen Daten von Ihnen auf Ihrem Smartphone erzeugt und gespeichert:<\/span><\/p>\n<p class=\"p3\"><span class=\"s1\">(a) Daten, die Sie selbst angeben<\/span><\/p>\n<p class=\"p3\"><span class=\"s1\">(b) Automatisch von unseren System erfasste Daten bei der Nutzung von degree\u00b0<\/span><\/p>\n<p class=\"p4\"><span class=\"s1\">(c) Aufgrund der Zugriffsrechte erfasste Daten (Standortdaten)<\/span><\/p>\n<h2 class=\"p5\"><span class=\"s2\">Daten, die Sie selbst angeben (Kategorie a)<\/span><\/h2>\n<p class=\"p8\"><span class=\"s1\"><b>Benutzername<\/b><\/span><\/p>\n<p class=\"p3\"><span class=\"s1\">Der Benutzer ist die Person, welche die Temperaturmessung \u00fcberwacht. Beim ersten \u00d6ffnen der App werden Sie gebeten Ihren eigenen Namen als Benutzer zu hinterlegen. Sie k\u00f6nnen hier auch einen Pseudonym verwenden.<\/span><\/p>\n<p class=\"p8\"><span class=\"s1\"><b>Profilname<\/b><\/span><\/p>\n<p class=\"p3\"><span class=\"s1\">Die Person im Profil ist die, dessen Temperatur gemessen werden soll. Beim ersten \u00d6ffnen der App werden Sie gebeten einen entsprechenden Profilnamen festzulegen. Sie k\u00f6nne mehrere Profile anlegen und hier ebenfalls Pseudonyme verwenden.<\/span><\/p>\n<p class=\"p8\"><span class=\"s1\"><b>Profilinformationen<\/b><\/span><\/p>\n<p class=\"p4\"><span class=\"s1\">Sie k\u00f6nnen das Profil optional mit weiteren Informationen, wie z.B. Alter, Geschlecht, Gewicht, K\u00f6rpergr\u00f6\u00dfe, etc. die zu einer besseren Einordnung der Gesundheitswerte dienen k\u00f6nnten, vervollst\u00e4ndigen.<\/span><\/p>\n<h2 class=\"p5\"><span class=\"s2\">Automatisch von unseren Systemen erfasste Daten bei der Nutzung von degree\u00b0 (Kategorie b)<\/span><\/h2>\n<p class=\"p3\"><span class=\"s1\">Daten zur sicheren Bereitstellung unserer Dienste, Betrugs- und St\u00f6rungsbehandlung.<\/span><\/p>\n<p class=\"p3\"><span class=\"s1\">Diese Daten ben\u00f6tigt die degree\u00b0 App, um Temperatur Monitoring Funktionen bereitzustellen.<\/span><\/p>\n<p class=\"p8\"><span class=\"s1\"><b>Daten zur Nutzung und Zustand des degree\u00b0<\/b><\/span><\/p>\n<p class=\"p3\"><span class=\"s1\">F\u00fcr die erweiterte Anzeige der K\u00f6rpertemperatur \u00fcbermittelt das degree\u00b0 Thermometer regelm\u00e4\u00dfig folgende Daten an die degree\u00b0 App:<\/span><\/p>\n<ul class=\"ul1\">\n<li class=\"li3\"><span class=\"s1\">Sensordaten des Infrarot Thermometers, <\/span><\/li>\n<li class=\"li3\"><span class=\"s1\">Beschleunigung und Ersch\u00fctterung des degree\u00b0 <\/span><\/li>\n<li class=\"li3\"><span class=\"s1\">Zustandsdaten wie Verbindungsstatus und Batteriestand <\/span><\/li>\n<li class=\"li3\"><span class=\"s1\">Andere Einstellungsparameter und Identifizierungsnummern des Sensors. <\/span><\/li>\n<\/ul>\n<h2 class=\"p5\"><span class=\"s2\">Aufgrund der gew\u00e4hrten Zugriffsrechte erfasste Daten (Kategorie c)<\/span><\/h2>\n<p class=\"p8\"><span class=\"s1\"><b>Standortdaten<\/b><\/span><\/p>\n<p class=\"p3\"><span class=\"s1\">Damit Sie Ihr degree\u00b0 Thermometer mit Ihrem Empfangsger\u00e4t \u00fcber Bluetooth Low Energy verbinden k\u00f6nnen verlangt Ihr Betriebssystem m\u00f6glicherweise Zugriff auf ihre Standortdaten.<\/span><\/p>\n<p class=\"p4\"><span class=\"s1\">Die degree\u00b0 App und die Cosinuss GmbH haben keinen Einfluss auf diesen Zugriff und erhalten auf derartige Daten auch keinen Zugriff.<\/span><\/p>\n<p class=\"p5\"><strong><span class=\"s2\">Fehleranalyse<\/span><\/strong><\/p>\n<p class=\"p4\"><span class=\"s1\">Nach Ihrer optionalen Einwilligung sammeln wir im Falle eines technischen Fehlers oder Absturzes anonymisiert Daten zu diesem konkreten Ereignis. Zum Beispiel welche Funktion, welche Betriebssystemversion und welches Ger\u00e4t Sie genutzt haben. Weiterhin k\u00f6nnen die Analysedaten (\u201eCrash Logs\u201c) weitere technische Daten \u00fcber das Mobilger\u00e4t und m\u00f6glicherweise sensible oder personenbezogene Daten enthalten. Diese Daten \u00fcbermitteln wir an unsere Dienstleister. F\u00fcr diese Fehleranalyse nutzen wir Firebase Crashlytics. Firebase Crashlytics wird von Google betrieben. Die jeweiligen Privacy-Policies finden sich unter\u00a0<a href=\"https:\/\/privacy.google.com\/\"><span class=\"s4\">https:\/\/privacy.google.com\/<\/span><\/a>\u00a0und\u00a0<a href=\"https:\/\/firebase.google.com\/support\/privacy\/\"><span class=\"s4\">https:\/\/firebase.google.com\/support\/privacy\/<\/span><\/a>. Diese Daten helfen uns, unsere Produkte zu verbessern und Ihren Anspr\u00fcchen gerecht zu werden. Die Einwilligung zur Datenerhebung k\u00f6nnen Sie uns bei der Installation der App geben und jederzeit widerrufen. Bereits erfasste Daten k\u00f6nnen f\u00fcr l\u00e4ngere Zeit in den verarbeitenden Systemen unserer Dienstleister erhalten bleiben.<\/span><\/p>\n<h2 class=\"p5\"><span class=\"s2\">Weitere Services der Cosinuss GmbH<\/span><\/h2>\n<p class=\"p3\"><span class=\"s1\">Abseits der Nutzung der degree\u00b0 App kommen Sie z.B. beim Kauf, bei Kundendienstanfragen oder anderen Services der Cosinuss GmbH mit externen Links und Webseiten in Kontakt.<\/span><\/p>\n<p class=\"p4\"><span class=\"s1\">Bei allen Seiten und Services der Cosinuss GmbH gilt die Europ\u00e4ische Datenschutz Grundverordnung DSVGO. Bitte beachten Sie hierzu die Datenschutz Hinweise auf den jeweiligen Webseiten.<\/span><\/p>\n<h2 class=\"p5\"><span class=\"s2\">Datenweitergabe an Kooperationspartner<\/span><\/h2>\n<p class=\"p4\"><span class=\"s1\">Eine Weitergabe Ihrer Daten an Kooperationspartner erfolgt ausschlie\u00dflich auf Grundlage Ihrer expliziten Einwilligung und auch nur an die bei dieser Einwilligung benannte Gesellschaft und hier wiederum ausschlie\u00dflich zum Zwecke der Vertragsabwicklung. Sie k\u00f6nnen das einmal gegebene Einverst\u00e4ndnis jederzeit mit Wirkung f\u00fcr die Zukunft widerrufen und\/oder der k\u00fcnftigen Verwendung\/Weitergabe Ihrer Daten widersprechen.<\/span><\/p>\n<h2 class=\"p5\"><span class=\"s2\">Auskunft, L\u00f6schung, Sperrung<\/span><\/h2>\n<p class=\"p4\"><span class=\"s1\">Sie haben jederzeit das Recht auf unentgeltliche Auskunft \u00fcber Ihre gespeicherten personenbezogenen Daten, deren Herkunft und Empf\u00e4nger und den Zweck der Datenverarbeitung sowie ein Recht auf Berichtigung, Sperrung oder L\u00f6schung dieser Daten. Hierzu sowie zu weiteren Fragen zum Thema personenbezogene Daten k\u00f6nnen Sie sich jederzeit unter der angegebenen Kontaktm\u00f6glichkeiten der verantwortlichen Stelle an uns wenden.<\/span><\/p>\n<h2 class=\"p5\"><span class=\"s2\">Beschwerderecht bei der zust\u00e4ndigen Aufsichtsbeh\u00f6rde<\/span><\/h2>\n<p class=\"p4\"><span class=\"s1\">Wir weisen Sie darauf hin, dass Sie im Falle datenschutzrechtlicher Verst\u00f6\u00dfe ein Beschwerderecht bei der zust\u00e4ndigen Aufsichtsbeh\u00f6rde zusteht. Zust\u00e4ndige Aufsichtsbeh\u00f6rde in datenschutzrechtlichen Fragen ist in der Regel der Landesdatenschutzbeauftragte des Bundeslandes, in dem unser Unternehmen seinen Hauptsitz hat. Eine Liste der Datenschutzbeauftragten sowie deren Kontaktdaten k\u00f6nnen folgendem Link entnommen werden:\u00a0<a href=\"https:\/\/www.bfdi.bund.de\/DE\/Infothek\/Anschriften_Links\/anschriften_links-node.html\"><span class=\"s4\">https:\/\/www.bfdi.bund.de\/DE\/Infothek\/Anschriften_Links\/anschriften_links-node.html<\/span><\/a><\/span><\/p>\n<h2 class=\"p5\"><span class=\"s2\">\u00c4nderung dieser Datenschutzerkl\u00e4rung<\/span><\/h2>\n<p class=\"p3\"><span class=\"s1\">Wir behalten uns das Recht vor, diese Datenschutzbestimmungen unter Einhaltung der gesetzlichen Vorgaben jederzeit zu \u00e4ndern.<\/span><\/p>\n<h2 class=\"p5\"><span class=\"s2\">\u00dcbertragung der Daten per Bluetooth<\/span><\/h2>\n<p class=\"p3\"><span class=\"s1\">Das degree\u00b0 Thermometer \u00fcbertr\u00e4gt seine Daten \u00fcber Bluetooth Low Energy. Bitte beachten Sie folgende Hinweise:<\/span><\/p>\n<ul class=\"ul1\">\n<li class=\"li3\"><span class=\"s1\">Wenn Sie Ihr Degree\u00b0 Thermometer mit einem Bluetooth-f\u00e4higen Empfangsger\u00e4t verbinden m\u00f6chten, halten Sie die beiden Ger\u00e4ten in einem Abstand nicht gr\u00f6\u00dfer als maximal 10 Meter, um Verbindungsprobleme zu vermeiden. Der Funktionsabstand kann je nach Umgebung unterschiedlich sein. <\/span><\/li>\n<\/ul>\n<ul class=\"ul1\">\n<li class=\"li3\"><span class=\"s1\">Zwischen Ihrem Degree\u00b0 Thermometer und dem verbundenen Ger\u00e4t sollten keine Personen, Geb\u00e4ude, Mauern oder andere Hindernisse sein, da diese die Verbindungsqualit\u00e4t beeinflussen k\u00f6nnen. <\/span><\/li>\n<\/ul>\n<ul class=\"ul1\">\n<li class=\"li3\"><span class=\"s1\">Verwenden Sie bitte nur vertrauensw\u00fcrdige und ordnungsgem\u00e4\u00df abgesicherte Ger\u00e4te. <\/span><\/li>\n<\/ul>\n<ul class=\"ul1\">\n<li class=\"li3\"><span class=\"s1\">Befinden sich Hindernisse zwischen den Ger\u00e4ten, kann sich die Reichweite verringern. <\/span><\/li>\n<\/ul>\n<ul class=\"ul1\">\n<li class=\"li3\"><span class=\"s1\">Die Verwendung der Bluetooth-Funktion zu nicht legalen Zwecken ist untersagt: Raubkopieren, Abh\u00f6ren etc. Cosinuss\u00b0 \u00fcbernimmt keine Verantwortung f\u00fcr die Folgen einer illegalen Nutzung der Bluetooth-Funktion. <\/span><\/li>\n<\/ul>\n<ul class=\"ul1\">\n<li class=\"li3\"><span class=\"s1\">Bluetooth verwendet dieselbe Frequenz wie einige Ger\u00e4te oder Maschinen mit niedriger Sendeleistung in der Industrie oder dem medizinischen Bereich. Bei einigen Ger\u00e4ten kann es aus diesem Grund entsprechend zu St\u00f6rungen kommen, wenn in der N\u00e4he derartiger Produkte eine Bluetooth-Verbindung hergestellt wird. <\/span><\/li>\n<\/ul>\n<ul class=\"ul1\">\n<li class=\"li3\"><span class=\"s1\">Cosinuss\u00b0 ist nicht f\u00fcr Datenverluste die mit der Bluetooth-Funktion gesendeten oder empfangenen Daten verantwortlich. Etwa durch missbr\u00e4uchliches Abfangen der Daten.<\/span><\/li>\n<\/ul>\n<h2 class=\"p5\"><span class=\"s2\">Speicherung der Daten auf dem degree\u00b0 Thermometer und Ihrem Smartphone<\/span><\/h2>\n<p class=\"p3\"><span class=\"s1\">Generell werden alle erzeugten Daten ausschlie\u00dflich lokal auf dem degree\u00b0 Thermometer und letztendlich auf Ihrem Smartphone gespeichert.<\/span><\/p>\n<p class=\"p3\"><strong><span class=\"s1\">Live \u00dcbertragung<\/span><\/strong><\/p>\n<p class=\"p3\"><span class=\"s1\">Die Temperaturdaten werden auf dem Sensor kurz zwischengespeichert bevor sie bei einer autorisierten und aktiven Bluetooth Low Energy Verbindung sofort and Ihr Smartphone gesendet werden. <\/span><\/p>\n<p class=\"p3\"><strong><span class=\"s1\">Zwischenspeichern<\/span><\/strong><\/p>\n<p class=\"p3\"><span class=\"s1\">Sollte es kurzzeitig keine Bluetooth Verbindung hergestellt werden k\u00f6nnen, werden die Daten im Zwischenspeicher (RAM) solange gehalten bis es wieder zu einer Verbindung kommt und die Daten auf Ihrem Smartphone vervollst\u00e4ndigt werden k\u00f6nnen.<\/span><\/p>\n<p class=\"p3\"><span class=\"s1\"><strong>Flash Speicher<\/strong> <\/span><\/p>\n<p class=\"p3\"><span class=\"s1\">Die Daten auf den internen Flash Speicher des Thermometers \u00fcbertragen: <\/span><\/p>\n<ul class=\"ul1\">\n<li class=\"li3\"><span class=\"s1\">Bei l\u00e4ngeren Unterbrechungen der Funkverbindung <\/span><\/li>\n<li class=\"li3\"><span class=\"s1\">Bei einem vollem Zwischenspeicher, <\/span><\/li>\n<li class=\"li3\"><span class=\"s1\">bei einem kritischen Batterieladestatus<\/span><\/li>\n<\/ul>\n<p class=\"p3\"><span class=\"s1\">Kommt es zu einer erneuten Bluetooth Verbindung werden die Daten wieder versendet und auf Ihrem Smartphone vervollst\u00e4ndigt<\/span><\/p>\n<p class=\"p3\"><span class=\"s1\"><strong>Beenden der Messung &#8211; ACHTUNG<\/strong> <\/span><\/p>\n<p class=\"p3\"><span class=\"s1\">Achten Sie darauf, dass vor dem Beenden der Messung eine stabile Bluetooth Verbindung zu Ihrem Smartphone besteht, damit alle Daten l\u00fcckenlos auf Ihrem Smartphone \u00fcbertragen und vervollst\u00e4ndigt werden k\u00f6nnen.<\/span><\/p>\n<h2 class=\"p5\"><span class=\"s2\">L\u00f6schen der Daten<\/span><\/h2>\n<p class=\"p3\"><strong><span class=\"s1\">Sensor Ausschalten<\/span><\/strong><\/p>\n<p class=\"p3\"><span class=\"s1\">Legen Sie den Sensor wieder zur\u00fcck in die Ladebox, um ihn auszuschalten werden die eventuell \u00fcbrigen Daten im Zwischenspeicher (RAM) <strong>nach 48 Stunden<\/strong> gel\u00f6scht. Ist der Zwischenspeicher voll, oder die Batterie beinahe leer werden die Daten im Flash Speicher abgelegt und bleiben solange erhalten, bis sie \u00fcberschrieben werden. Bei einer aktiven Bluetooth Verbindung zur degree\u00b0 App werden immer alle Daten auf Ihr Smartphone \u00fcbertragen.<\/span><\/p>\n<p class=\"p3\"><strong><span class=\"s1\">App deinstallieren &#8211; ACHTUNG<\/span><\/strong><\/p>\n<p class=\"p3\"><span class=\"s1\">Bei der Deinstallation der App von Ihrem Smartphone werden auch alle bisherigen Daten gel\u00f6scht. Beachten Sie bitte, da keine Registrierung erforderlich ist und somit kein Cloud Account erzeugt wurde werden ihre Daten nur lokal gesichert. Eine Wiederherstellung gel\u00f6schter degree\u00b0 Informationen ist durch die Cosinuss GmbH nicht m\u00f6glich.<\/span><\/p>\n","protected":false},"excerpt":{"rendered":"<p>Stand: 01.04.2019 Wir nehmen den Schutz Ihrer pers\u00f6nlichen Daten sehr ernst. Wir behandeln Ihre personenbezogenen Daten vertraulich und entsprechend der gesetzlichen Datenschutzvorschriften sowie dieser Datenschutzerkl\u00e4rung. Diese Datenschutzerkl\u00e4rung gilt f\u00fcr unsere mobilen iPhone- und Android-Apps (im Folgenden \u201eApp\u201c). In ihr werden Art, Zweck und Umfang der Datenerhebung im Rahmen der App-Nutzung&#8230;<\/p>\n","protected":false},"author":2,"featured_media":0,"parent":0,"menu_order":0,"comment_status":"closed","ping_status":"closed","template":"","meta":{"footnotes":""},"class_list":["post-642","page","type-page","status-publish","hentry"],"_links":{"self":[{"href":"https:\/\/support.cosinuss.com\/de\/wp-json\/wp\/v2\/pages\/642","targetHints":{"allow":["GET"]}}],"collection":[{"href":"https:\/\/support.cosinuss.com\/de\/wp-json\/wp\/v2\/pages"}],"about":[{"href":"https:\/\/support.cosinuss.com\/de\/wp-json\/wp\/v2\/types\/page"}],"author":[{"embeddable":true,"href":"https:\/\/support.cosinuss.com\/de\/wp-json\/wp\/v2\/users\/2"}],"replies":[{"embeddable":true,"href":"https:\/\/support.cosinuss.com\/de\/wp-json\/wp\/v2\/comments?post=642"}],"version-history":[{"count":1,"href":"https:\/\/support.cosinuss.com\/de\/wp-json\/wp\/v2\/pages\/642\/revisions"}],"predecessor-version":[{"id":643,"href":"https:\/\/support.cosinuss.com\/de\/wp-json\/wp\/v2\/pages\/642\/revisions\/643"}],"wp:attachment":[{"href":"https:\/\/support.cosinuss.com\/de\/wp-json\/wp\/v2\/media?parent=642"}],"curies":[{"name":"wp","href":"https:\/\/api.w.org\/{rel}","templated":true}]}}